{"id":14173,"date":"2018-05-30T08:30:16","date_gmt":"2018-05-30T08:30:16","guid":{"rendered":"https:\/\/ees.it\/?page_id=14173"},"modified":"2018-05-30T08:30:33","modified_gmt":"2018-05-30T08:30:33","slug":"das-unternehmen","status":"publish","type":"page","link":"https:\/\/ees.it\/de\/das-unternehmen\/","title":{"rendered":"Das Unternehmen"},"content":{"rendered":"<p><div class=\"fusion-fullwidth fullwidth-box fusion-builder-row-1 nonhundred-percent-fullwidth non-hundred-percent-height-scrolling\" style=\"--awb-background-position:left top;--awb-border-radius-top-left:0px;--awb-border-radius-top-right:0px;--awb-border-radius-bottom-right:0px;--awb-border-radius-bottom-left:0px;--awb-padding-top:1%;--awb-padding-bottom:1%;--awb-margin-top:0px;--awb-margin-bottom:0px;--awb-border-sizes-top:0px;--awb-border-sizes-bottom:0px;--awb-flex-wrap:wrap;\" ><div class=\"fusion-builder-row fusion-row\"><div class=\"fusion-layout-column fusion_builder_column fusion-builder-column-0 fusion_builder_column_1_1 1_1 fusion-one-full fusion-column-first fusion-column-last fusion-column-no-min-height\" style=\"--awb-bg-size:cover;--awb-margin-bottom:0px;\"><div class=\"fusion-column-wrapper fusion-flex-column-wrapper-legacy\"><div class=\"fusion-text fusion-text-1\"><h1 style=\"text-align: center;\">Das Unternehmen<\/h1>\n<\/div><div class=\"fusion-sep-clear\"><\/div><div class=\"fusion-separator\" style=\"margin-left: auto;margin-right: auto;margin-top:-15px;margin-bottom:20px;width:100%;max-width:300px;\"><div class=\"fusion-separator-border sep-single sep-solid\" style=\"--awb-height:20px;--awb-amount:20px;--awb-sep-color:#00b8e0;border-color:#00b8e0;border-top-width:1px;\"><\/div><\/div><div class=\"fusion-sep-clear\"><\/div><div class=\"fusion-text fusion-text-2\"><h3 style=\"text-align: center;\"><strong>\u00dcberblick \u00fcber EES<\/strong><\/h3>\n<\/div><div class=\"fusion-clearfix\"><\/div><\/div><\/div><\/div><\/div><div class=\"fusion-fullwidth fullwidth-box fusion-builder-row-2 nonhundred-percent-fullwidth non-hundred-percent-height-scrolling\" style=\"--awb-background-position:left top;--awb-border-radius-top-left:0px;--awb-border-radius-top-right:0px;--awb-border-radius-bottom-right:0px;--awb-border-radius-bottom-left:0px;--awb-padding-top:20px;--awb-padding-right:0px;--awb-padding-bottom:20px;--awb-padding-left:0px;--awb-border-sizes-top:0px;--awb-border-sizes-bottom:0px;--awb-flex-wrap:wrap;\" ><div class=\"fusion-builder-row fusion-row\"><div class=\"fusion-layout-column fusion_builder_column fusion-builder-column-1 fusion_builder_column_2_3 2_3 fusion-two-third fusion-column-first\" style=\"--awb-bg-size:cover;width:65.3333%; margin-right: 4%;\"><div class=\"fusion-column-wrapper fusion-flex-column-wrapper-legacy\"><div class=\"fusion-text fusion-text-3\"><p>EES (Electronic Engineering Service) wurde 1987 als Dienstleistungsunternehmen f\u00fcr die Elektronikindustrie gegr\u00fcndet und spezialisierte sich auf die Entwicklung von Mastern f\u00fcr gedruckte Schaltungen, wobei es sofort hervorragende Beziehungen zu den wichtigsten Unternehmen der Branche aufbaute.<\/p>\n<p>Die Entwicklung des Unternehmens, die den Anforderungen des Marktes gerecht wird, der zunehmend auf den vollen Service ausgerichtet ist, hat einen exponentiellen Trend angenommen, als EES im Jahr 2001 seinen Hauptsitz in der Via Buccari, einem renommierten Genovese-Pol f\u00fcr Elektronik und Elektronik, verlegt hat fortgeschrittene Technologien, Investitionen in Personal und Maschinen, um wettbewerbsf\u00e4higer und qualitativ leistungsf\u00e4higer zu werden.<\/p>\n<p>Heute EES S.p.A. verf\u00fcgt \u00fcber ein sehr gro\u00dfes Kundenportfolio, zu dem nicht nur inl\u00e4ndische Kunden, sondern auch Kunden in Europa, China und den USA geh\u00f6ren; In der Lage zu sein, alles zu haben, was f\u00fcr eine komplette Konstruktion und Montage von elektronischen Boards zu Hause notwendig ist, wird EES f\u00fcr Prototypen und Vorserien auf h\u00f6chstem technischem Niveau angeboten, was einen &#8222;made in Italy&#8220; Service mit schnellen Timing und wettbewerbsf\u00e4higen Kosten garantiert.<\/p>\n<p>Das Unternehmen ist zertifiziert nach ISO 9001: 2008 mit der Zertifizierungsstelle CSQ: Nr. 9101 Zertifikat EES1<\/p>\n<\/div><div class=\"fusion-clearfix\"><\/div><\/div><\/div><div class=\"fusion-layout-column fusion_builder_column fusion-builder-column-2 fusion_builder_column_1_3 1_3 fusion-one-third fusion-column-last\" style=\"--awb-bg-size:cover;width:30.6666%;\"><div class=\"fusion-column-wrapper fusion-flex-column-wrapper-legacy\">\t\t\t\t\t<script type=\"text\/javascript\">\r\n\t\t\t\t\t\tvar map_fusion_map_69def13b80dec;\r\n\t\t\t\t\t\tvar markers = [];\r\n\t\t\t\t\t\tvar counter = 0;\r\n\t\t\t\t\t\t\t\t\t\t\t\t\t\t\t\t\t\t\t\tvar fusionMapNonce = '726a755800';\r\n\t\t\t\t\t\t\t\t\t\t\t\tfunction fusion_run_map_fusion_map_69def13b80dec() {\r\n\t\t\t\t\t\t\tjQuery ('#fusion_map_69def13b80dec' ).fusion_maps( {\r\n\t\t\t\t\t\t\t\taddresses: [{\"address\":\"Via Buccari 49, Genova Sestri Ponente, 16153, Italia\",\"infobox_content\":\"Via Buccari 49, Genova Sestri Ponente, 16153, Italia\",\"coordinates\":false,\"cache\":true,\"latitude\":\"44.4203847\",\"longitude\":\"8.857592999999951\"}],\r\n\t\t\t\t\t\t\t\tanimations: false,\r\n\t\t\t\t\t\t\t\tinfobox_background_color: '',\r\n\t\t\t\t\t\t\t\tinfobox_styling: 'default',\r\n\t\t\t\t\t\t\t\tinfobox_text_color: '',\r\n\t\t\t\t\t\t\t\tmap_style: 'default',\r\n\t\t\t\t\t\t\t\tmap_type: 'terrain',\r\n\t\t\t\t\t\t\t\tmarker_icon: '',\r\n\t\t\t\t\t\t\t\toverlay_color: '',\r\n\t\t\t\t\t\t\t\toverlay_color_hsl: {\"hue\":0,\"sat\":0,\"lum\":100},\r\n\t\t\t\t\t\t\t\tshow_address: true,\r\n\t\t\t\t\t\t\t\tscale_control: true,\r\n\t\t\t\t\t\t\t\tscrollwheel: false,\r\n\t\t\t\t\t\t\t\tzoom: 14,\r\n\t\t\t\t\t\t\t\tzoom_control: true,\r\n\t\t\t\t\t\t\t} );\r\n\t\t\t\t\t\t}\r\n\r\n\t\t\t\t\t\tgoogle.maps.event.addDomListener(window, 'load', fusion_run_map_fusion_map_69def13b80dec);\r\n\t\t\t\t\t<\/script>\r\n\t\t\t\t\t<div class=\"shortcode-map fusion-google-map fusion-maps-js-type\" style=\"--awb-height:180px;\" id=\"fusion_map_69def13b80dec\"><\/div><div class=\"fusion-text fusion-text-4\"><h4>Finde uns in Genua<\/h4>\n<p>16153\u00a0Via Buccari 49, Genova, GE\u00a0Italy<\/p>\n<p>Phone: +39 0106140492<\/p>\n<p>Web: <a href=\"https:\/\/ees.it\/\">www.ees.it<\/a><\/p>\n<\/div><div class=\"fusion-clearfix\"><\/div><\/div><\/div><\/div><\/div><div class=\"fusion-fullwidth fullwidth-box fusion-builder-row-3 hundred-percent-fullwidth non-hundred-percent-height-scrolling\" style=\"--awb-border-radius-top-left:0px;--awb-border-radius-top-right:0px;--awb-border-radius-bottom-right:0px;--awb-border-radius-bottom-left:0px;--awb-overflow:visible;--awb-padding-right:0px;--awb-padding-left:0px;--awb-margin-bottom:40px;--awb-background-color:rgba(255,255,255,0);--awb-flex-wrap:wrap;\" ><div class=\"fusion-builder-row fusion-row\"><div class=\"fusion-layout-column fusion_builder_column fusion-builder-column-3 fusion_builder_column_1_1 1_1 fusion-one-full fusion-column-first fusion-column-last fusion-column-no-min-height\" style=\"--awb-bg-size:cover;--awb-margin-bottom:0px;\"><div class=\"fusion-column-wrapper fusion-flex-column-wrapper-legacy\"><div class=\"fusion-sep-clear\"><\/div><div class=\"fusion-separator fusion-full-width-sep\" style=\"margin-left: auto;margin-right: auto;width:100%;\"><div class=\"fusion-separator-border sep-shadow\" style=\"--awb-height:20px;--awb-amount:20px;background:radial-gradient(ellipse at 50% -50% , #e0dede 0px, rgba(255, 255, 255, 0) 80%) repeat scroll 0 0 rgba(0, 0, 0, 0);background:-webkit-radial-gradient(ellipse at 50% -50% , #e0dede 0px, rgba(255, 255, 255, 0) 80%) repeat scroll 0 0 rgba(0, 0, 0, 0);background:-moz-radial-gradient(ellipse at 50% -50% , #e0dede 0px, rgba(255, 255, 255, 0) 80%) repeat scroll 0 0 rgba(0, 0, 0, 0);background:-o-radial-gradient(ellipse at 50% -50% , #e0dede 0px, rgba(255, 255, 255, 0) 80%) repeat scroll 0 0 rgba(0, 0, 0, 0);\"><\/div><\/div><div class=\"fusion-sep-clear\"><\/div><div class=\"fusion-clearfix\"><\/div><\/div><\/div><\/div><\/div><div class=\"fusion-fullwidth fullwidth-box fusion-builder-row-4 nonhundred-percent-fullwidth non-hundred-percent-height-scrolling\" style=\"--awb-background-position:left top;--awb-border-color:#e8e8e8;--awb-border-radius-top-left:0px;--awb-border-radius-top-right:0px;--awb-border-radius-bottom-right:0px;--awb-border-radius-bottom-left:0px;--awb-padding-top:20px;--awb-padding-bottom:0px;--awb-border-sizes-top:0px;--awb-border-sizes-bottom:0px;--awb-flex-wrap:wrap;\" ><div class=\"fusion-builder-row fusion-row\"><div class=\"fusion-layout-column fusion_builder_column fusion-builder-column-4 fusion_builder_column_1_1 1_1 fusion-one-full fusion-column-first fusion-column-last fusion-column-no-min-height\" style=\"--awb-bg-size:cover;--awb-margin-bottom:30px;\"><div class=\"fusion-column-wrapper fusion-flex-column-wrapper-legacy\"><div class=\"fusion-text fusion-text-5\"><h1 style=\"text-align: center;\">Unser Arbeitsplatz<\/h1>\n<\/div><div class=\"fusion-sep-clear\"><\/div><div class=\"fusion-separator\" style=\"margin-left: auto;margin-right: auto;margin-top:-15px;margin-bottom:20px;width:100%;max-width:100px;\"><div class=\"fusion-separator-border sep-single sep-solid\" style=\"--awb-height:20px;--awb-amount:20px;--awb-sep-color:#00b8e0;border-color:#00b8e0;border-top-width:1px;\"><\/div><\/div><div class=\"fusion-sep-clear\"><\/div><div class=\"fusion-text fusion-text-6\"><h3 style=\"text-align: center;\">Unsere Arbeitsr\u00e4ume<\/h3>\n<\/div><div class=\"fusion-clearfix\"><\/div><\/div><\/div><\/div><\/div><div class=\"fusion-fullwidth fullwidth-box fusion-builder-row-5 nonhundred-percent-fullwidth non-hundred-percent-height-scrolling\" style=\"--awb-border-radius-top-left:0px;--awb-border-radius-top-right:0px;--awb-border-radius-bottom-right:0px;--awb-border-radius-bottom-left:0px;--awb-padding-top:0px;--awb-padding-right:0px;--awb-padding-left:0px;--awb-margin-top:0px;--awb-flex-wrap:wrap;\" ><div class=\"fusion-builder-row fusion-row\"><div class=\"fusion-layout-column fusion_builder_column fusion-builder-column-5 fusion_builder_column_1_4 1_4 fusion-one-fourth fusion-column-first\" style=\"--awb-bg-size:cover;width:22%; margin-right: 4%;\"><div class=\"fusion-column-wrapper fusion-flex-column-wrapper-legacy\"><div class=\"fusion-text fusion-text-7\"><p><img decoding=\"async\" class=\"alignnone size-medium wp-image-10957\" src=\"https:\/\/www.ees.it\/wp-content\/uploads\/2013\/04\/office4-300x200.jpg\" alt=\"office4\" width=\"300\" height=\"200\" \/><\/p>\n<\/div><div class=\"fusion-clearfix\"><\/div><\/div><\/div><div class=\"fusion-layout-column fusion_builder_column fusion-builder-column-6 fusion_builder_column_1_4 1_4 fusion-one-fourth\" style=\"--awb-bg-size:cover;width:22%; margin-right: 4%;\"><div class=\"fusion-column-wrapper fusion-flex-column-wrapper-legacy\"><div class=\"fusion-text fusion-text-8\"><p><img decoding=\"async\" class=\"alignnone size-medium wp-image-10958\" src=\"https:\/\/www.ees.it\/wp-content\/uploads\/2013\/04\/office5-300x200.jpg\" alt=\"office5\" width=\"300\" height=\"200\" \/><\/p>\n<\/div><div class=\"fusion-clearfix\"><\/div><\/div><\/div><div class=\"fusion-layout-column fusion_builder_column fusion-builder-column-7 fusion_builder_column_1_4 1_4 fusion-one-fourth\" style=\"--awb-bg-size:cover;width:22%; margin-right: 4%;\"><div class=\"fusion-column-wrapper fusion-flex-column-wrapper-legacy\"><div class=\"fusion-text fusion-text-9\"><p><img decoding=\"async\" class=\"alignnone size-medium wp-image-10959\" src=\"https:\/\/www.ees.it\/wp-content\/uploads\/2013\/04\/office6-300x200.jpg\" alt=\"office6\" width=\"300\" height=\"200\" \/><\/p>\n<\/div><div class=\"fusion-clearfix\"><\/div><\/div><\/div><div class=\"fusion-layout-column fusion_builder_column fusion-builder-column-8 fusion_builder_column_1_4 1_4 fusion-one-fourth fusion-column-last\" style=\"--awb-bg-size:cover;width:22%;\"><div class=\"fusion-column-wrapper fusion-flex-column-wrapper-legacy\"><div class=\"fusion-text fusion-text-10\"><p><img decoding=\"async\" class=\"alignnone size-medium wp-image-10960\" src=\"https:\/\/www.ees.it\/wp-content\/uploads\/2013\/04\/office7-300x200.jpg\" alt=\"office7\" width=\"300\" height=\"200\" \/><\/p>\n<\/div><div class=\"fusion-clearfix\"><\/div><\/div><\/div><\/div><\/div><\/p>\n","protected":false},"excerpt":{"rendered":"","protected":false},"author":6,"featured_media":0,"parent":0,"menu_order":0,"comment_status":"closed","ping_status":"closed","template":"100-width.php","meta":{"_acf_changed":false,"footnotes":""},"class_list":["post-14173","page","type-page","status-publish","hentry"],"acf":[],"yoast_head":"<!-- This site is optimized with the Yoast SEO plugin v27.3 - https:\/\/yoast.com\/product\/yoast-seo-wordpress\/ -->\n<title>Das Unternehmen - Electronic Engineering Service<\/title>\n<meta name=\"robots\" content=\"index, follow, max-snippet:-1, max-image-preview:large, max-video-preview:-1\" \/>\n<link rel=\"canonical\" href=\"https:\/\/ees.it\/de\/das-unternehmen\/\" \/>\n<meta property=\"og:locale\" content=\"de_DE\" \/>\n<meta property=\"og:type\" content=\"article\" \/>\n<meta property=\"og:title\" content=\"Das Unternehmen - Electronic Engineering Service\" \/>\n<meta property=\"og:url\" content=\"https:\/\/ees.it\/de\/das-unternehmen\/\" \/>\n<meta property=\"og:site_name\" content=\"Electronic Engineering Service\" \/>\n<meta property=\"article:publisher\" content=\"https:\/\/www.facebook.com\/ees.spa.it\" \/>\n<meta property=\"article:modified_time\" content=\"2018-05-30T08:30:33+00:00\" \/>\n<meta property=\"og:image\" content=\"https:\/\/www.ees.it\/wp-content\/uploads\/2013\/04\/office4-300x200.jpg\" \/>\n<meta name=\"twitter:label1\" content=\"Gesch\u00e4tzte Lesezeit\" \/>\n\t<meta name=\"twitter:data1\" content=\"7\u00a0Minuten\" \/>\n<script type=\"application\/ld+json\" class=\"yoast-schema-graph\">{\"@context\":\"https:\\\/\\\/schema.org\",\"@graph\":[{\"@type\":\"WebPage\",\"@id\":\"https:\\\/\\\/ees.it\\\/de\\\/das-unternehmen\\\/\",\"url\":\"https:\\\/\\\/ees.it\\\/de\\\/das-unternehmen\\\/\",\"name\":\"Das Unternehmen - Electronic Engineering Service\",\"isPartOf\":{\"@id\":\"https:\\\/\\\/ees.it\\\/#website\"},\"primaryImageOfPage\":{\"@id\":\"https:\\\/\\\/ees.it\\\/de\\\/das-unternehmen\\\/#primaryimage\"},\"image\":{\"@id\":\"https:\\\/\\\/ees.it\\\/de\\\/das-unternehmen\\\/#primaryimage\"},\"thumbnailUrl\":\"https:\\\/\\\/www.ees.it\\\/wp-content\\\/uploads\\\/2013\\\/04\\\/office4-300x200.jpg\",\"datePublished\":\"2018-05-30T08:30:16+00:00\",\"dateModified\":\"2018-05-30T08:30:33+00:00\",\"breadcrumb\":{\"@id\":\"https:\\\/\\\/ees.it\\\/de\\\/das-unternehmen\\\/#breadcrumb\"},\"inLanguage\":\"de\",\"potentialAction\":[{\"@type\":\"ReadAction\",\"target\":[\"https:\\\/\\\/ees.it\\\/de\\\/das-unternehmen\\\/\"]}]},{\"@type\":\"ImageObject\",\"inLanguage\":\"de\",\"@id\":\"https:\\\/\\\/ees.it\\\/de\\\/das-unternehmen\\\/#primaryimage\",\"url\":\"https:\\\/\\\/www.ees.it\\\/wp-content\\\/uploads\\\/2013\\\/04\\\/office4-300x200.jpg\",\"contentUrl\":\"https:\\\/\\\/www.ees.it\\\/wp-content\\\/uploads\\\/2013\\\/04\\\/office4-300x200.jpg\"},{\"@type\":\"BreadcrumbList\",\"@id\":\"https:\\\/\\\/ees.it\\\/de\\\/das-unternehmen\\\/#breadcrumb\",\"itemListElement\":[{\"@type\":\"ListItem\",\"position\":1,\"name\":\"Home\",\"item\":\"https:\\\/\\\/ees.it\\\/de\\\/\"},{\"@type\":\"ListItem\",\"position\":2,\"name\":\"Das Unternehmen\"}]},{\"@type\":\"WebSite\",\"@id\":\"https:\\\/\\\/ees.it\\\/#website\",\"url\":\"https:\\\/\\\/ees.it\\\/\",\"name\":\"Electronic Engineering Service\",\"description\":\"Apparecchiature e schede elettroniche\",\"potentialAction\":[{\"@type\":\"SearchAction\",\"target\":{\"@type\":\"EntryPoint\",\"urlTemplate\":\"https:\\\/\\\/ees.it\\\/?s={search_term_string}\"},\"query-input\":{\"@type\":\"PropertyValueSpecification\",\"valueRequired\":true,\"valueName\":\"search_term_string\"}}],\"inLanguage\":\"de\"}]}<\/script>\n<!-- \/ Yoast SEO plugin. -->","yoast_head_json":{"title":"Das Unternehmen - Electronic Engineering Service","robots":{"index":"index","follow":"follow","max-snippet":"max-snippet:-1","max-image-preview":"max-image-preview:large","max-video-preview":"max-video-preview:-1"},"canonical":"https:\/\/ees.it\/de\/das-unternehmen\/","og_locale":"de_DE","og_type":"article","og_title":"Das Unternehmen - Electronic Engineering Service","og_url":"https:\/\/ees.it\/de\/das-unternehmen\/","og_site_name":"Electronic Engineering Service","article_publisher":"https:\/\/www.facebook.com\/ees.spa.it","article_modified_time":"2018-05-30T08:30:33+00:00","og_image":[{"url":"https:\/\/www.ees.it\/wp-content\/uploads\/2013\/04\/office4-300x200.jpg","type":"","width":"","height":""}],"twitter_misc":{"Gesch\u00e4tzte Lesezeit":"7\u00a0Minuten"},"schema":{"@context":"https:\/\/schema.org","@graph":[{"@type":"WebPage","@id":"https:\/\/ees.it\/de\/das-unternehmen\/","url":"https:\/\/ees.it\/de\/das-unternehmen\/","name":"Das Unternehmen - Electronic Engineering Service","isPartOf":{"@id":"https:\/\/ees.it\/#website"},"primaryImageOfPage":{"@id":"https:\/\/ees.it\/de\/das-unternehmen\/#primaryimage"},"image":{"@id":"https:\/\/ees.it\/de\/das-unternehmen\/#primaryimage"},"thumbnailUrl":"https:\/\/www.ees.it\/wp-content\/uploads\/2013\/04\/office4-300x200.jpg","datePublished":"2018-05-30T08:30:16+00:00","dateModified":"2018-05-30T08:30:33+00:00","breadcrumb":{"@id":"https:\/\/ees.it\/de\/das-unternehmen\/#breadcrumb"},"inLanguage":"de","potentialAction":[{"@type":"ReadAction","target":["https:\/\/ees.it\/de\/das-unternehmen\/"]}]},{"@type":"ImageObject","inLanguage":"de","@id":"https:\/\/ees.it\/de\/das-unternehmen\/#primaryimage","url":"https:\/\/www.ees.it\/wp-content\/uploads\/2013\/04\/office4-300x200.jpg","contentUrl":"https:\/\/www.ees.it\/wp-content\/uploads\/2013\/04\/office4-300x200.jpg"},{"@type":"BreadcrumbList","@id":"https:\/\/ees.it\/de\/das-unternehmen\/#breadcrumb","itemListElement":[{"@type":"ListItem","position":1,"name":"Home","item":"https:\/\/ees.it\/de\/"},{"@type":"ListItem","position":2,"name":"Das Unternehmen"}]},{"@type":"WebSite","@id":"https:\/\/ees.it\/#website","url":"https:\/\/ees.it\/","name":"Electronic Engineering Service","description":"Apparecchiature e schede elettroniche","potentialAction":[{"@type":"SearchAction","target":{"@type":"EntryPoint","urlTemplate":"https:\/\/ees.it\/?s={search_term_string}"},"query-input":{"@type":"PropertyValueSpecification","valueRequired":true,"valueName":"search_term_string"}}],"inLanguage":"de"}]}},"_links":{"self":[{"href":"https:\/\/ees.it\/de\/wp-json\/wp\/v2\/pages\/14173","targetHints":{"allow":["GET"]}}],"collection":[{"href":"https:\/\/ees.it\/de\/wp-json\/wp\/v2\/pages"}],"about":[{"href":"https:\/\/ees.it\/de\/wp-json\/wp\/v2\/types\/page"}],"author":[{"embeddable":true,"href":"https:\/\/ees.it\/de\/wp-json\/wp\/v2\/users\/6"}],"replies":[{"embeddable":true,"href":"https:\/\/ees.it\/de\/wp-json\/wp\/v2\/comments?post=14173"}],"version-history":[{"count":1,"href":"https:\/\/ees.it\/de\/wp-json\/wp\/v2\/pages\/14173\/revisions"}],"predecessor-version":[{"id":14174,"href":"https:\/\/ees.it\/de\/wp-json\/wp\/v2\/pages\/14173\/revisions\/14174"}],"wp:attachment":[{"href":"https:\/\/ees.it\/de\/wp-json\/wp\/v2\/media?parent=14173"}],"curies":[{"name":"wp","href":"https:\/\/api.w.org\/{rel}","templated":true}]}}