{"id":14201,"date":"2018-05-30T08:50:18","date_gmt":"2018-05-30T08:50:18","guid":{"rendered":"https:\/\/ees.it\/?page_id=14201"},"modified":"2018-05-30T08:50:18","modified_gmt":"2018-05-30T08:50:18","slug":"anwendungsbereiche","status":"publish","type":"page","link":"https:\/\/ees.it\/de\/anwendungsbereiche\/","title":{"rendered":"Anwendungsbereiche"},"content":{"rendered":"<p><div class=\"fusion-fullwidth fullwidth-box fusion-builder-row-1 nonhundred-percent-fullwidth non-hundred-percent-height-scrolling\" style=\"--awb-background-position:left top;--awb-border-radius-top-left:0px;--awb-border-radius-top-right:0px;--awb-border-radius-bottom-right:0px;--awb-border-radius-bottom-left:0px;--awb-padding-top:1%;--awb-padding-bottom:1%;--awb-margin-top:0px;--awb-margin-bottom:0px;--awb-border-sizes-top:0px;--awb-border-sizes-bottom:0px;--awb-flex-wrap:wrap;\" ><div class=\"fusion-builder-row fusion-row\"><div class=\"fusion-layout-column fusion_builder_column fusion-builder-column-0 fusion_builder_column_1_1 1_1 fusion-one-full fusion-column-first fusion-column-last fusion-column-no-min-height\" style=\"--awb-bg-size:cover;--awb-margin-bottom:0px;\"><div class=\"fusion-column-wrapper fusion-flex-column-wrapper-legacy\"><div class=\"fusion-text fusion-text-1\"><h1 style=\"text-align: center;\">Anwendungsbereiche<\/h1>\n<\/div><div class=\"fusion-sep-clear\"><\/div><div class=\"fusion-separator\" style=\"margin-left: auto;margin-right: auto;margin-top:-15px;margin-bottom:20px;width:100%;max-width:300px;\"><div class=\"fusion-separator-border sep-single sep-solid\" style=\"--awb-height:20px;--awb-amount:20px;--awb-sep-color:#00b8e0;border-color:#00b8e0;border-top-width:1px;\"><\/div><\/div><div class=\"fusion-sep-clear\"><\/div><div class=\"fusion-text fusion-text-2\"><h3 style=\"text-align: center;\"><strong>Die industriellen Sektoren von Interesse<\/strong><\/h3>\n<\/div><div class=\"fusion-clearfix\"><\/div><\/div><\/div><\/div><\/div><div class=\"fusion-fullwidth fullwidth-box fusion-builder-row-2 nonhundred-percent-fullwidth non-hundred-percent-height-scrolling\" style=\"--awb-background-position:left top;--awb-border-radius-top-left:0px;--awb-border-radius-top-right:0px;--awb-border-radius-bottom-right:0px;--awb-border-radius-bottom-left:0px;--awb-padding-top:0px;--awb-padding-right:0px;--awb-padding-bottom:0px;--awb-padding-left:0px;--awb-border-sizes-top:0px;--awb-border-sizes-bottom:0px;--awb-flex-wrap:wrap;\" ><div class=\"fusion-builder-row fusion-row\"><div class=\"fusion-layout-column fusion_builder_column fusion-builder-column-1 fusion_builder_column_1_1 1_1 fusion-one-full fusion-column-first fusion-column-last fusion-column-no-min-height\" style=\"--awb-bg-size:cover;--awb-margin-bottom:0px;\"><div class=\"fusion-column-wrapper fusion-flex-column-wrapper-legacy\"><div class=\"fusion-text fusion-text-3\"><p>EES SpA befriedigt die wichtigsten Industriezweige, einschlie\u00dflich derer mit spezifischen Bed\u00fcrfnissen, und stellt ihre Erfahrung und ihr Know-how zur Verf\u00fcgung, um qualitativ hochwertige Produkte zu entwickeln.<\/p>\n<p>Hier sind einige Bereiche:<\/p>\n<\/div><div class=\"fusion-image-element fusion-image-align-center in-legacy-container\" style=\"text-align:center;--awb-caption-title-font-family:var(--h2_typography-font-family);--awb-caption-title-font-weight:var(--h2_typography-font-weight);--awb-caption-title-font-style:var(--h2_typography-font-style);--awb-caption-title-size:var(--h2_typography-font-size);--awb-caption-title-transform:var(--h2_typography-text-transform);--awb-caption-title-line-height:var(--h2_typography-line-height);--awb-caption-title-letter-spacing:var(--h2_typography-letter-spacing);\"><div class=\"imageframe-align-center\"><span class=\" fusion-imageframe imageframe-none imageframe-1 hover-type-none\"><img decoding=\"async\" width=\"1289\" height=\"512\" title=\"grafico_1-857&#215;1024\" src=\"https:\/\/ees.it\/wp-content\/uploads\/2011\/10\/grafico_1-857x1024.jpg\" alt class=\"img-responsive wp-image-14219\" srcset=\"https:\/\/ees.it\/wp-content\/uploads\/2011\/10\/grafico_1-857x1024-200x79.jpg 200w, https:\/\/ees.it\/wp-content\/uploads\/2011\/10\/grafico_1-857x1024-400x159.jpg 400w, https:\/\/ees.it\/wp-content\/uploads\/2011\/10\/grafico_1-857x1024-600x238.jpg 600w, https:\/\/ees.it\/wp-content\/uploads\/2011\/10\/grafico_1-857x1024-800x318.jpg 800w, https:\/\/ees.it\/wp-content\/uploads\/2011\/10\/grafico_1-857x1024-1200x477.jpg 1200w\" sizes=\"(max-width: 800px) 100vw, 1200px\" \/><\/span><\/div><\/div><div class=\"fusion-clearfix\"><\/div><\/div><\/div><\/div><\/div><\/p>\n","protected":false},"excerpt":{"rendered":"","protected":false},"author":6,"featured_media":0,"parent":0,"menu_order":0,"comment_status":"closed","ping_status":"closed","template":"100-width.php","meta":{"_acf_changed":false,"footnotes":""},"class_list":["post-14201","page","type-page","status-publish","hentry"],"acf":[],"yoast_head":"<!-- This site is optimized with the Yoast SEO plugin v27.3 - https:\/\/yoast.com\/product\/yoast-seo-wordpress\/ -->\n<title>Anwendungsbereiche - Electronic Engineering Service<\/title>\n<meta name=\"robots\" content=\"index, follow, max-snippet:-1, max-image-preview:large, max-video-preview:-1\" \/>\n<link rel=\"canonical\" href=\"https:\/\/ees.it\/de\/anwendungsbereiche\/\" \/>\n<meta property=\"og:locale\" content=\"de_DE\" \/>\n<meta property=\"og:type\" content=\"article\" \/>\n<meta property=\"og:title\" content=\"Anwendungsbereiche - Electronic Engineering Service\" \/>\n<meta property=\"og:url\" content=\"https:\/\/ees.it\/de\/anwendungsbereiche\/\" \/>\n<meta property=\"og:site_name\" content=\"Electronic Engineering Service\" \/>\n<meta property=\"article:publisher\" content=\"https:\/\/www.facebook.com\/ees.spa.it\" \/>\n<meta name=\"twitter:label1\" content=\"Gesch\u00e4tzte Lesezeit\" \/>\n\t<meta name=\"twitter:data1\" content=\"2\u00a0Minuten\" \/>\n<script type=\"application\/ld+json\" class=\"yoast-schema-graph\">{\"@context\":\"https:\\\/\\\/schema.org\",\"@graph\":[{\"@type\":\"WebPage\",\"@id\":\"https:\\\/\\\/ees.it\\\/de\\\/anwendungsbereiche\\\/\",\"url\":\"https:\\\/\\\/ees.it\\\/de\\\/anwendungsbereiche\\\/\",\"name\":\"Anwendungsbereiche - Electronic Engineering Service\",\"isPartOf\":{\"@id\":\"https:\\\/\\\/ees.it\\\/#website\"},\"datePublished\":\"2018-05-30T08:50:18+00:00\",\"breadcrumb\":{\"@id\":\"https:\\\/\\\/ees.it\\\/de\\\/anwendungsbereiche\\\/#breadcrumb\"},\"inLanguage\":\"de\",\"potentialAction\":[{\"@type\":\"ReadAction\",\"target\":[\"https:\\\/\\\/ees.it\\\/de\\\/anwendungsbereiche\\\/\"]}]},{\"@type\":\"BreadcrumbList\",\"@id\":\"https:\\\/\\\/ees.it\\\/de\\\/anwendungsbereiche\\\/#breadcrumb\",\"itemListElement\":[{\"@type\":\"ListItem\",\"position\":1,\"name\":\"Home\",\"item\":\"https:\\\/\\\/ees.it\\\/de\\\/\"},{\"@type\":\"ListItem\",\"position\":2,\"name\":\"Anwendungsbereiche\"}]},{\"@type\":\"WebSite\",\"@id\":\"https:\\\/\\\/ees.it\\\/#website\",\"url\":\"https:\\\/\\\/ees.it\\\/\",\"name\":\"Electronic Engineering Service\",\"description\":\"Apparecchiature e schede elettroniche\",\"potentialAction\":[{\"@type\":\"SearchAction\",\"target\":{\"@type\":\"EntryPoint\",\"urlTemplate\":\"https:\\\/\\\/ees.it\\\/?s={search_term_string}\"},\"query-input\":{\"@type\":\"PropertyValueSpecification\",\"valueRequired\":true,\"valueName\":\"search_term_string\"}}],\"inLanguage\":\"de\"}]}<\/script>\n<!-- \/ Yoast SEO plugin. -->","yoast_head_json":{"title":"Anwendungsbereiche - Electronic Engineering Service","robots":{"index":"index","follow":"follow","max-snippet":"max-snippet:-1","max-image-preview":"max-image-preview:large","max-video-preview":"max-video-preview:-1"},"canonical":"https:\/\/ees.it\/de\/anwendungsbereiche\/","og_locale":"de_DE","og_type":"article","og_title":"Anwendungsbereiche - Electronic Engineering Service","og_url":"https:\/\/ees.it\/de\/anwendungsbereiche\/","og_site_name":"Electronic Engineering Service","article_publisher":"https:\/\/www.facebook.com\/ees.spa.it","twitter_misc":{"Gesch\u00e4tzte Lesezeit":"2\u00a0Minuten"},"schema":{"@context":"https:\/\/schema.org","@graph":[{"@type":"WebPage","@id":"https:\/\/ees.it\/de\/anwendungsbereiche\/","url":"https:\/\/ees.it\/de\/anwendungsbereiche\/","name":"Anwendungsbereiche - Electronic Engineering Service","isPartOf":{"@id":"https:\/\/ees.it\/#website"},"datePublished":"2018-05-30T08:50:18+00:00","breadcrumb":{"@id":"https:\/\/ees.it\/de\/anwendungsbereiche\/#breadcrumb"},"inLanguage":"de","potentialAction":[{"@type":"ReadAction","target":["https:\/\/ees.it\/de\/anwendungsbereiche\/"]}]},{"@type":"BreadcrumbList","@id":"https:\/\/ees.it\/de\/anwendungsbereiche\/#breadcrumb","itemListElement":[{"@type":"ListItem","position":1,"name":"Home","item":"https:\/\/ees.it\/de\/"},{"@type":"ListItem","position":2,"name":"Anwendungsbereiche"}]},{"@type":"WebSite","@id":"https:\/\/ees.it\/#website","url":"https:\/\/ees.it\/","name":"Electronic Engineering Service","description":"Apparecchiature e schede elettroniche","potentialAction":[{"@type":"SearchAction","target":{"@type":"EntryPoint","urlTemplate":"https:\/\/ees.it\/?s={search_term_string}"},"query-input":{"@type":"PropertyValueSpecification","valueRequired":true,"valueName":"search_term_string"}}],"inLanguage":"de"}]}},"_links":{"self":[{"href":"https:\/\/ees.it\/de\/wp-json\/wp\/v2\/pages\/14201","targetHints":{"allow":["GET"]}}],"collection":[{"href":"https:\/\/ees.it\/de\/wp-json\/wp\/v2\/pages"}],"about":[{"href":"https:\/\/ees.it\/de\/wp-json\/wp\/v2\/types\/page"}],"author":[{"embeddable":true,"href":"https:\/\/ees.it\/de\/wp-json\/wp\/v2\/users\/6"}],"replies":[{"embeddable":true,"href":"https:\/\/ees.it\/de\/wp-json\/wp\/v2\/comments?post=14201"}],"version-history":[{"count":2,"href":"https:\/\/ees.it\/de\/wp-json\/wp\/v2\/pages\/14201\/revisions"}],"predecessor-version":[{"id":14203,"href":"https:\/\/ees.it\/de\/wp-json\/wp\/v2\/pages\/14201\/revisions\/14203"}],"wp:attachment":[{"href":"https:\/\/ees.it\/de\/wp-json\/wp\/v2\/media?parent=14201"}],"curies":[{"name":"wp","href":"https:\/\/api.w.org\/{rel}","templated":true}]}}