{"id":14227,"date":"2018-05-30T09:02:15","date_gmt":"2018-05-30T09:02:15","guid":{"rendered":"https:\/\/ees.it\/?page_id=14227"},"modified":"2018-05-30T09:02:39","modified_gmt":"2018-05-30T09:02:39","slug":"philosophie-auf-qualitaet","status":"publish","type":"page","link":"https:\/\/ees.it\/de\/philosophie-auf-qualitaet\/","title":{"rendered":"Philosophie auf Qualit\u00e4t"},"content":{"rendered":"<p><div class=\"fusion-fullwidth fullwidth-box fusion-builder-row-1 nonhundred-percent-fullwidth non-hundred-percent-height-scrolling\" style=\"--awb-background-position:left top;--awb-border-radius-top-left:0px;--awb-border-radius-top-right:0px;--awb-border-radius-bottom-right:0px;--awb-border-radius-bottom-left:0px;--awb-padding-top:1%;--awb-padding-bottom:1%;--awb-margin-top:0px;--awb-margin-bottom:0px;--awb-border-sizes-top:0px;--awb-border-sizes-bottom:0px;--awb-flex-wrap:wrap;\" ><div class=\"fusion-builder-row fusion-row\"><div class=\"fusion-layout-column fusion_builder_column fusion-builder-column-0 fusion_builder_column_1_1 1_1 fusion-one-full fusion-column-first fusion-column-last fusion-column-no-min-height\" style=\"--awb-bg-size:cover;--awb-margin-bottom:0px;\"><div class=\"fusion-column-wrapper fusion-flex-column-wrapper-legacy\"><div class=\"fusion-text fusion-text-1\"><h1 style=\"text-align: center;\">Philosophie auf Qualit\u00e4t<\/h1>\n<\/div><div class=\"fusion-sep-clear\"><\/div><div class=\"fusion-separator\" style=\"margin-left: auto;margin-right: auto;margin-top:-15px;margin-bottom:20px;width:100%;max-width:300px;\"><div class=\"fusion-separator-border sep-single sep-solid\" style=\"--awb-height:20px;--awb-amount:20px;--awb-sep-color:#00b8e0;border-color:#00b8e0;border-top-width:1px;\"><\/div><\/div><div class=\"fusion-sep-clear\"><\/div><div class=\"fusion-text fusion-text-2\"><h3 style=\"text-align: center;\"><strong>Das Streben nach perfekter Qualit\u00e4t<\/strong><\/h3>\n<\/div><div class=\"fusion-clearfix\"><\/div><\/div><\/div><\/div><\/div><div class=\"fusion-fullwidth fullwidth-box fusion-builder-row-2 nonhundred-percent-fullwidth non-hundred-percent-height-scrolling\" style=\"--awb-background-position:left top;--awb-border-radius-top-left:0px;--awb-border-radius-top-right:0px;--awb-border-radius-bottom-right:0px;--awb-border-radius-bottom-left:0px;--awb-padding-top:0px;--awb-padding-right:0px;--awb-padding-bottom:0px;--awb-padding-left:0px;--awb-border-sizes-top:0px;--awb-border-sizes-bottom:0px;--awb-flex-wrap:wrap;\" ><div class=\"fusion-builder-row fusion-row\"><div class=\"fusion-layout-column fusion_builder_column fusion-builder-column-1 fusion_builder_column_1_1 1_1 fusion-one-full fusion-column-first fusion-column-last fusion-column-no-min-height\" style=\"--awb-bg-size:cover;--awb-margin-bottom:0px;\"><div class=\"fusion-column-wrapper fusion-flex-column-wrapper-legacy\"><div class=\"fusion-text fusion-text-3\"><p>Die vorrangige Aufgabe der EBS besteht darin, ihre Pr\u00e4senz und Wettbewerbsf\u00e4higkeit auf dem Markt zu festigen und auszubauen.<\/p>\n<p>Die EES will sich daher immer mehr als kundenorientiertes Unternehmen und ihre Erwartungen best\u00e4tigen und dabei alle geltenden Gesetze und Vorschriften einhalten. Die Qualit\u00e4t der angebotenen globalen Dienstleistungen ist der wichtigste strategische Faktor, der f\u00fcr den Erfolg im Zusammenhang mit dem industriellen Gef\u00fcge entscheidend ist.<\/p>\n<p>Es ist notwendig, bei allen seinen T\u00e4tigkeiten im Verlauf aller Prozesse hervorragende Leistungen in der T\u00e4tigkeit des Unternehmens zu verfolgen, um eine zunehmend konstruktive und befriedigende Beziehung mit denjenigen zu erreichen, die sich auf verschiedene Weise auf die Zukunft des Unternehmens selbst konzentrieren. : Von der Gesch\u00e4ftsleitung zu allen Mitarbeitern, von den Lieferanten zu den Kunden.<br \/>\nWas die Mitarbeiter betrifft, konzentriert sich das Unternehmen auf berufliche Qualifikation, Verantwortung auf allen Ebenen, auf Motivation; Im Kern ist ein gesundes, ruhiges, proaktives und kollaboratives &#8222;Gesch\u00e4ftsklima&#8220; die beste Voraussetzung f\u00fcr erfolgreiche Verbesserungsstrategien, die Steigerung der Wettbewerbsf\u00e4higkeit und Kundenzufriedenheit bei gleichzeitiger Steigerung der wirtschaftlichen Leistung und Verbesserung Umweltleistung.<\/p>\n<p>Die EBS verfolgt daher nach einer sorgf\u00e4ltigen Analyse der Leistung der f\u00fcr die \u00dcberwachung des Qualit\u00e4tssicherungssystems definierten Indikatoren folgende Ziele:<\/p>\n<\/div><div class=\"fusion-clearfix\"><\/div><\/div><\/div><div class=\"fusion-layout-column fusion_builder_column fusion-builder-column-2 fusion_builder_column_1_1 1_1 fusion-one-full fusion-column-first fusion-column-last fusion-column-no-min-height\" style=\"--awb-bg-size:cover;--awb-margin-bottom:0px;\"><div class=\"fusion-column-wrapper fusion-flex-column-wrapper-legacy\"><ul style=\"--awb-size:15px;--awb-iconcolor:#68d619;--awb-line-height:25.5px;--awb-icon-width:25.5px;--awb-icon-height:25.5px;--awb-icon-margin:10.5px;--awb-content-margin:36px;\" class=\"fusion-checklist fusion-checklist-1 fusion-checklist-default type-icons\"><li class=\"fusion-li-item\" style=\"\"><span class=\"icon-wrapper circle-no\"><i class=\"fusion-li-icon fa-check fas\" aria-hidden=\"true\"><\/i><\/span><div class=\"fusion-li-item-content\">\n<p>Erzielen Sie so schnell wie m\u00f6glich ein Integriertes Qualit\u00e4ts- und Umweltmanagementsystem, das den Normen UNI EN ISO 14001 und UNI EN ISO 9001: 2008 entspricht<\/p>\n<\/div><\/li><li class=\"fusion-li-item\" style=\"\"><span class=\"icon-wrapper circle-no\"><i class=\"fusion-li-icon fa-check fas\" aria-hidden=\"true\"><\/i><\/span><div class=\"fusion-li-item-content\">\n<p>Beibehaltung seiner Position auf dem Markt, Konsolidierung seiner Beziehung mit Kunden durch sorgf\u00e4ltige \u00dcberwachung ihrer Zufriedenheit;<\/p>\n<\/div><\/li><li class=\"fusion-li-item\" style=\"\"><span class=\"icon-wrapper circle-no\"><i class=\"fusion-li-icon fa-check fas\" aria-hidden=\"true\"><\/i><\/span><div class=\"fusion-li-item-content\">\n<p>Erh\u00f6hen Sie Ihren Umsatz im Laufe der Jahre;<\/p>\n<\/div><\/li><li class=\"fusion-li-item\" style=\"\"><span class=\"icon-wrapper circle-no\"><i class=\"fusion-li-icon fa-check fas\" aria-hidden=\"true\"><\/i><\/span><div class=\"fusion-li-item-content\">\n<p>Verbesserung der Unternehmensinfrastrukturen durch den Kauf neuer Anlagen und den Ausbau der derzeitigen Anlage;<\/p>\n<\/div><\/li><li class=\"fusion-li-item\" style=\"\"><span class=\"icon-wrapper circle-no\"><i class=\"fusion-li-icon fa-check fas\" aria-hidden=\"true\"><\/i><\/span><div class=\"fusion-li-item-content\">\n<p>Die Arbeitsbedingungen der Mitarbeiter verbessern;<\/p>\n<\/div><\/li><li class=\"fusion-li-item\" style=\"\"><span class=\"icon-wrapper circle-no\"><i class=\"fusion-li-icon fa-check fas\" aria-hidden=\"true\"><\/i><\/span><div class=\"fusion-li-item-content\">\n<p>Aufrechterhaltung der Beziehung zu seinen Lieferanten und Kenntnis des Umweltmanagements derselben;<\/p>\n<\/div><\/li><li class=\"fusion-li-item\" style=\"\"><span class=\"icon-wrapper circle-no\"><i class=\"fusion-li-icon fa-check fas\" aria-hidden=\"true\"><\/i><\/span><div class=\"fusion-li-item-content\">\n<p>Passen Sie ihre Prozesse und Infrastrukturen den aktuellen Vorschriften an;<\/p>\n<\/div><\/li><li class=\"fusion-li-item\" style=\"\"><span class=\"icon-wrapper circle-no\"><i class=\"fusion-li-icon fa-check fas\" aria-hidden=\"true\"><\/i><\/span><div class=\"fusion-li-item-content\">\n<p>Bei Bedarf die Zusammenarbeit mit Beh\u00f6rden sicherstellen;<\/p>\n<\/div><\/li><li class=\"fusion-li-item\" style=\"\"><span class=\"icon-wrapper circle-no\"><i class=\"fusion-li-icon fa-check fas\" aria-hidden=\"true\"><\/i><\/span><div class=\"fusion-li-item-content\">\n<p>Bewertung der Umweltauswirkungen neuer Prozesse und \u00c4nderungen bestehender Anlagen im Voraus;<\/p>\n<\/div><\/li><\/ul><div class=\"fusion-sep-clear\"><\/div><div class=\"fusion-separator fusion-full-width-sep\" style=\"margin-left: auto;margin-right: auto;margin-top:15px;width:100%;\"><\/div><div class=\"fusion-sep-clear\"><\/div><div class=\"fusion-text fusion-text-4\"><p>Nachdem festgestellt wurde, dass Qualit\u00e4t im Mittelpunkt der Unternehmensstrategien steht, m\u00fcssen sich alle Mitarbeiter des Unternehmens in \u00dcbereinstimmung mit dieser strategischen Entscheidung als integraler Bestandteil des Systems f\u00fchlen. EES erfordert ihren proaktiven Beitrag zur kontinuierlichen Verbesserung.<br \/>\nDiese Erkl\u00e4rung ist die formelle Urkunde, mit der die Leitung der EBS ihre unwiderrufliche Entschlossenheit bekundet und ihre Verpflichtung bekr\u00e4ftigt, die Strategien zu definieren, die notwendigen Ressourcen zu gew\u00e4hrleisten, die organisatorischen Bem\u00fchungen zu unterst\u00fctzen und die Koh\u00e4renz der im Rahmen der Qualit\u00e4tssystem, das die Anforderungen der Norm UNI EN ISO 9001: 2008 erf\u00fcllt.<\/p>\n<\/div><div class=\"fusion-clearfix\"><\/div><\/div><\/div><\/div><\/div><\/p>\n","protected":false},"excerpt":{"rendered":"","protected":false},"author":6,"featured_media":0,"parent":0,"menu_order":0,"comment_status":"closed","ping_status":"closed","template":"100-width.php","meta":{"_acf_changed":false,"footnotes":""},"class_list":["post-14227","page","type-page","status-publish","hentry"],"acf":[],"yoast_head":"<!-- This site is optimized with the Yoast SEO plugin v27.3 - https:\/\/yoast.com\/product\/yoast-seo-wordpress\/ -->\n<title>Philosophie auf Qualit\u00e4t - Electronic Engineering Service<\/title>\n<meta name=\"robots\" content=\"index, follow, max-snippet:-1, max-image-preview:large, max-video-preview:-1\" \/>\n<link rel=\"canonical\" href=\"https:\/\/ees.it\/de\/philosophie-auf-qualitaet\/\" \/>\n<meta property=\"og:locale\" content=\"de_DE\" \/>\n<meta property=\"og:type\" content=\"article\" \/>\n<meta property=\"og:title\" content=\"Philosophie auf Qualit\u00e4t - Electronic Engineering Service\" \/>\n<meta property=\"og:url\" content=\"https:\/\/ees.it\/de\/philosophie-auf-qualitaet\/\" \/>\n<meta property=\"og:site_name\" content=\"Electronic Engineering Service\" \/>\n<meta property=\"article:publisher\" content=\"https:\/\/www.facebook.com\/ees.spa.it\" \/>\n<meta property=\"article:modified_time\" content=\"2018-05-30T09:02:39+00:00\" \/>\n<meta name=\"twitter:label1\" content=\"Gesch\u00e4tzte Lesezeit\" \/>\n\t<meta name=\"twitter:data1\" content=\"5\u00a0Minuten\" \/>\n<script type=\"application\/ld+json\" class=\"yoast-schema-graph\">{\"@context\":\"https:\\\/\\\/schema.org\",\"@graph\":[{\"@type\":\"WebPage\",\"@id\":\"https:\\\/\\\/ees.it\\\/de\\\/philosophie-auf-qualitaet\\\/\",\"url\":\"https:\\\/\\\/ees.it\\\/de\\\/philosophie-auf-qualitaet\\\/\",\"name\":\"Philosophie auf Qualit\u00e4t - Electronic Engineering Service\",\"isPartOf\":{\"@id\":\"https:\\\/\\\/ees.it\\\/#website\"},\"datePublished\":\"2018-05-30T09:02:15+00:00\",\"dateModified\":\"2018-05-30T09:02:39+00:00\",\"breadcrumb\":{\"@id\":\"https:\\\/\\\/ees.it\\\/de\\\/philosophie-auf-qualitaet\\\/#breadcrumb\"},\"inLanguage\":\"de\",\"potentialAction\":[{\"@type\":\"ReadAction\",\"target\":[\"https:\\\/\\\/ees.it\\\/de\\\/philosophie-auf-qualitaet\\\/\"]}]},{\"@type\":\"BreadcrumbList\",\"@id\":\"https:\\\/\\\/ees.it\\\/de\\\/philosophie-auf-qualitaet\\\/#breadcrumb\",\"itemListElement\":[{\"@type\":\"ListItem\",\"position\":1,\"name\":\"Home\",\"item\":\"https:\\\/\\\/ees.it\\\/de\\\/\"},{\"@type\":\"ListItem\",\"position\":2,\"name\":\"Philosophie auf Qualit\u00e4t\"}]},{\"@type\":\"WebSite\",\"@id\":\"https:\\\/\\\/ees.it\\\/#website\",\"url\":\"https:\\\/\\\/ees.it\\\/\",\"name\":\"Electronic Engineering Service\",\"description\":\"Apparecchiature e schede elettroniche\",\"potentialAction\":[{\"@type\":\"SearchAction\",\"target\":{\"@type\":\"EntryPoint\",\"urlTemplate\":\"https:\\\/\\\/ees.it\\\/?s={search_term_string}\"},\"query-input\":{\"@type\":\"PropertyValueSpecification\",\"valueRequired\":true,\"valueName\":\"search_term_string\"}}],\"inLanguage\":\"de\"}]}<\/script>\n<!-- \/ Yoast SEO plugin. -->","yoast_head_json":{"title":"Philosophie auf Qualit\u00e4t - Electronic Engineering Service","robots":{"index":"index","follow":"follow","max-snippet":"max-snippet:-1","max-image-preview":"max-image-preview:large","max-video-preview":"max-video-preview:-1"},"canonical":"https:\/\/ees.it\/de\/philosophie-auf-qualitaet\/","og_locale":"de_DE","og_type":"article","og_title":"Philosophie auf Qualit\u00e4t - Electronic Engineering Service","og_url":"https:\/\/ees.it\/de\/philosophie-auf-qualitaet\/","og_site_name":"Electronic Engineering Service","article_publisher":"https:\/\/www.facebook.com\/ees.spa.it","article_modified_time":"2018-05-30T09:02:39+00:00","twitter_misc":{"Gesch\u00e4tzte Lesezeit":"5\u00a0Minuten"},"schema":{"@context":"https:\/\/schema.org","@graph":[{"@type":"WebPage","@id":"https:\/\/ees.it\/de\/philosophie-auf-qualitaet\/","url":"https:\/\/ees.it\/de\/philosophie-auf-qualitaet\/","name":"Philosophie auf Qualit\u00e4t - Electronic Engineering Service","isPartOf":{"@id":"https:\/\/ees.it\/#website"},"datePublished":"2018-05-30T09:02:15+00:00","dateModified":"2018-05-30T09:02:39+00:00","breadcrumb":{"@id":"https:\/\/ees.it\/de\/philosophie-auf-qualitaet\/#breadcrumb"},"inLanguage":"de","potentialAction":[{"@type":"ReadAction","target":["https:\/\/ees.it\/de\/philosophie-auf-qualitaet\/"]}]},{"@type":"BreadcrumbList","@id":"https:\/\/ees.it\/de\/philosophie-auf-qualitaet\/#breadcrumb","itemListElement":[{"@type":"ListItem","position":1,"name":"Home","item":"https:\/\/ees.it\/de\/"},{"@type":"ListItem","position":2,"name":"Philosophie auf Qualit\u00e4t"}]},{"@type":"WebSite","@id":"https:\/\/ees.it\/#website","url":"https:\/\/ees.it\/","name":"Electronic Engineering Service","description":"Apparecchiature e schede elettroniche","potentialAction":[{"@type":"SearchAction","target":{"@type":"EntryPoint","urlTemplate":"https:\/\/ees.it\/?s={search_term_string}"},"query-input":{"@type":"PropertyValueSpecification","valueRequired":true,"valueName":"search_term_string"}}],"inLanguage":"de"}]}},"_links":{"self":[{"href":"https:\/\/ees.it\/de\/wp-json\/wp\/v2\/pages\/14227","targetHints":{"allow":["GET"]}}],"collection":[{"href":"https:\/\/ees.it\/de\/wp-json\/wp\/v2\/pages"}],"about":[{"href":"https:\/\/ees.it\/de\/wp-json\/wp\/v2\/types\/page"}],"author":[{"embeddable":true,"href":"https:\/\/ees.it\/de\/wp-json\/wp\/v2\/users\/6"}],"replies":[{"embeddable":true,"href":"https:\/\/ees.it\/de\/wp-json\/wp\/v2\/comments?post=14227"}],"version-history":[{"count":3,"href":"https:\/\/ees.it\/de\/wp-json\/wp\/v2\/pages\/14227\/revisions"}],"predecessor-version":[{"id":14231,"href":"https:\/\/ees.it\/de\/wp-json\/wp\/v2\/pages\/14227\/revisions\/14231"}],"wp:attachment":[{"href":"https:\/\/ees.it\/de\/wp-json\/wp\/v2\/media?parent=14227"}],"curies":[{"name":"wp","href":"https:\/\/api.w.org\/{rel}","templated":true}]}}