{"id":14281,"date":"2018-05-30T10:07:41","date_gmt":"2018-05-30T10:07:41","guid":{"rendered":"https:\/\/ees.it\/?page_id=14281"},"modified":"2018-05-30T10:07:41","modified_gmt":"2018-05-30T10:07:41","slug":"maschinenbau","status":"publish","type":"page","link":"https:\/\/ees.it\/de\/maschinenbau\/","title":{"rendered":"Maschinenbau"},"content":{"rendered":"<p><div class=\"fusion-fullwidth fullwidth-box fusion-builder-row-1 nonhundred-percent-fullwidth non-hundred-percent-height-scrolling\" style=\"--awb-background-position:left top;--awb-border-radius-top-left:0px;--awb-border-radius-top-right:0px;--awb-border-radius-bottom-right:0px;--awb-border-radius-bottom-left:0px;--awb-padding-top:1%;--awb-padding-bottom:1%;--awb-margin-top:0px;--awb-margin-bottom:0px;--awb-border-sizes-top:0px;--awb-border-sizes-bottom:0px;--awb-flex-wrap:wrap;\" ><div class=\"fusion-builder-row fusion-row\"><div class=\"fusion-layout-column fusion_builder_column fusion-builder-column-0 fusion_builder_column_1_1 1_1 fusion-one-full fusion-column-first fusion-column-last fusion-column-no-min-height\" style=\"--awb-bg-size:cover;--awb-margin-bottom:0px;\"><div class=\"fusion-column-wrapper fusion-flex-column-wrapper-legacy\"><div class=\"fusion-text fusion-text-1\"><h1 style=\"text-align: center;\">Maschinenbau<\/h1>\n<\/div><div class=\"fusion-sep-clear\"><\/div><div class=\"fusion-separator\" style=\"margin-left: auto;margin-right: auto;margin-top:-15px;margin-bottom:20px;width:100%;max-width:300px;\"><div class=\"fusion-separator-border sep-single sep-solid\" style=\"--awb-height:20px;--awb-amount:20px;--awb-sep-color:#00b8e0;border-color:#00b8e0;border-top-width:1px;\"><\/div><\/div><div class=\"fusion-sep-clear\"><\/div><div class=\"fusion-text fusion-text-2\"><h3 style=\"text-align: center;\"><strong>Mechatronische Engineering- und Supportstruktur f\u00fcr alle NPI-Phasen<\/strong><\/h3>\n<\/div><div class=\"fusion-clearfix\"><\/div><\/div><\/div><\/div><\/div><div class=\"fusion-fullwidth fullwidth-box fusion-builder-row-2 nonhundred-percent-fullwidth non-hundred-percent-height-scrolling\" style=\"--awb-background-position:left top;--awb-border-radius-top-left:0px;--awb-border-radius-top-right:0px;--awb-border-radius-bottom-right:0px;--awb-border-radius-bottom-left:0px;--awb-padding-top:0px;--awb-padding-right:0px;--awb-padding-bottom:0px;--awb-padding-left:0px;--awb-border-sizes-top:0px;--awb-border-sizes-bottom:0px;--awb-flex-wrap:wrap;\" ><div class=\"fusion-builder-row fusion-row\"><div class=\"fusion-layout-column fusion_builder_column fusion-builder-column-1 fusion_builder_column_1_1 1_1 fusion-one-full fusion-column-first fusion-column-last fusion-column-no-min-height\" style=\"--awb-bg-size:cover;--awb-margin-bottom:0px;\"><div class=\"fusion-column-wrapper fusion-flex-column-wrapper-legacy\"><div class=\"fusion-text fusion-text-3\"><p>EES bietet einen Service f\u00fcr PCB-Design, Mechatronik-Engineering und Support-Struktur f\u00fcr alle NPI-Phasen, von der Erstellung von IPC-zertifizierten Bibliotheken (2D und 3D) bis hin zur Untersuchung des Stackings nach den Bed\u00fcrfnissen der PCB (Hochgeschwindigkeit, Power, RF), detaillierte Baudokumentation und abgestimmt auf jeden Kundenstandard.<\/p>\n<div><strong>Verwendete Software:<\/strong><\/div>\n<ul>\n<li>Mentor Graphics<\/li>\n<li>Cadence<\/li>\n<li>Autodesk<\/li>\n<\/ul>\n<p><strong>Eingabedaten:<\/strong><\/p>\n<ul>\n<li>Schaltplan im ORCAD-Format (alternativ DXDesigner, Board Architect)<\/li>\n<li>Technische Spezifikationen, um das Design der gedruckten Schaltung zu leiten (Routing-Einschr\u00e4nkungen, Lay-up, Art der gesteuerten Impedanzen, Einschr\u00e4nkungen im Zusammenhang mit dem Montageprozess und Test)<\/li>\n<li>PCB Konstruktionsspezifikation<\/li>\n<li>Mechanische Zeichnung, Abschnitt des Brettes<\/li>\n<li>Falls vorhanden, Komponentenbibliotheken oder eindeutige Angaben zu der verwendeten Komponente<\/li>\n<li>CAD-Block Mentor oder Expedition, oder Visula, die darin enthalten: Schema, Netz, Bibliotheken, Mei\u00dfel, wesentliche Einschr\u00e4nkungen.<\/li>\n<\/ul>\n<p><strong>Daten ausgeben:<\/strong><\/p>\n<ul>\n<li>CAD-Block im Format BOARD STATION, EXPEDITION, VISULA.<\/li>\n<li>GERBER-Dateien f\u00fcr PCB-Konstruktion, Bohrdateien, P &amp; P-Dateien, Siebdruck-Foliendateien, PCB-Konstruktionsspezifikation<\/li>\n<li>ODB ++ Datei (die alle Daten enth\u00e4lt, die ben\u00f6tigt werden, um PCBs, P &amp; P Pilotierung, Konstruktionsspezifikationen, elektrische und funktionelle Tests zu realisieren<\/li>\n<\/ul>\n<p><strong>EES nutzt erfahrene Partner f\u00fcr Aktivit\u00e4ten parallel zum Leiterplattenprojekt:<\/strong><\/p>\n<ul>\n<li>Die Realisierung der Komponentenbibliotheken erfolgt gem\u00e4\u00df IPC 7351 oder nach Kundenspezifikation.<\/li>\n<li>Pre- und Postlayout-Simulation f\u00fcr High-Speed-Digitalkarten (Tools, die helfen, die Probleme von Verz\u00f6gerungen in \u00dcbertragungsleitungen, \u00dcbersprechen, Masseprellen zu \u00fcberwinden)<\/li>\n<li>DFM-DFA-DFT-Analyse (Werkzeuge, die die Projektkontrolle gem\u00e4\u00df der Baubarkeit von PCB, Montagef\u00e4higkeit und Testbarkeit garantieren)<\/li>\n<li>Simulation Signal- und Leistungsintegrit\u00e4t, thermische Analyse, EMI \/ EMC<\/li>\n<\/ul>\n<div class=\"adn ads\"><\/div>\n<\/div><div class=\"fusion-clearfix\"><\/div><\/div><\/div><\/div><\/div><\/p>\n","protected":false},"excerpt":{"rendered":"","protected":false},"author":6,"featured_media":0,"parent":0,"menu_order":0,"comment_status":"closed","ping_status":"closed","template":"100-width.php","meta":{"_acf_changed":false,"footnotes":""},"class_list":["post-14281","page","type-page","status-publish","hentry"],"acf":[],"yoast_head":"<!-- This site is optimized with the Yoast SEO plugin v27.3 - https:\/\/yoast.com\/product\/yoast-seo-wordpress\/ -->\n<title>Maschinenbau - Electronic Engineering Service<\/title>\n<meta name=\"robots\" content=\"index, follow, max-snippet:-1, max-image-preview:large, max-video-preview:-1\" \/>\n<link rel=\"canonical\" href=\"https:\/\/ees.it\/de\/maschinenbau\/\" \/>\n<meta property=\"og:locale\" content=\"de_DE\" \/>\n<meta property=\"og:type\" content=\"article\" \/>\n<meta property=\"og:title\" content=\"Maschinenbau - Electronic Engineering Service\" \/>\n<meta property=\"og:url\" content=\"https:\/\/ees.it\/de\/maschinenbau\/\" \/>\n<meta property=\"og:site_name\" content=\"Electronic Engineering Service\" \/>\n<meta property=\"article:publisher\" content=\"https:\/\/www.facebook.com\/ees.spa.it\" \/>\n<meta name=\"twitter:label1\" content=\"Gesch\u00e4tzte Lesezeit\" \/>\n\t<meta name=\"twitter:data1\" content=\"3\u00a0Minuten\" \/>\n<script type=\"application\/ld+json\" class=\"yoast-schema-graph\">{\"@context\":\"https:\\\/\\\/schema.org\",\"@graph\":[{\"@type\":\"WebPage\",\"@id\":\"https:\\\/\\\/ees.it\\\/de\\\/maschinenbau\\\/\",\"url\":\"https:\\\/\\\/ees.it\\\/de\\\/maschinenbau\\\/\",\"name\":\"Maschinenbau - Electronic Engineering Service\",\"isPartOf\":{\"@id\":\"https:\\\/\\\/ees.it\\\/#website\"},\"datePublished\":\"2018-05-30T10:07:41+00:00\",\"breadcrumb\":{\"@id\":\"https:\\\/\\\/ees.it\\\/de\\\/maschinenbau\\\/#breadcrumb\"},\"inLanguage\":\"de\",\"potentialAction\":[{\"@type\":\"ReadAction\",\"target\":[\"https:\\\/\\\/ees.it\\\/de\\\/maschinenbau\\\/\"]}]},{\"@type\":\"BreadcrumbList\",\"@id\":\"https:\\\/\\\/ees.it\\\/de\\\/maschinenbau\\\/#breadcrumb\",\"itemListElement\":[{\"@type\":\"ListItem\",\"position\":1,\"name\":\"Home\",\"item\":\"https:\\\/\\\/ees.it\\\/de\\\/\"},{\"@type\":\"ListItem\",\"position\":2,\"name\":\"Maschinenbau\"}]},{\"@type\":\"WebSite\",\"@id\":\"https:\\\/\\\/ees.it\\\/#website\",\"url\":\"https:\\\/\\\/ees.it\\\/\",\"name\":\"Electronic Engineering Service\",\"description\":\"Apparecchiature e schede elettroniche\",\"potentialAction\":[{\"@type\":\"SearchAction\",\"target\":{\"@type\":\"EntryPoint\",\"urlTemplate\":\"https:\\\/\\\/ees.it\\\/?s={search_term_string}\"},\"query-input\":{\"@type\":\"PropertyValueSpecification\",\"valueRequired\":true,\"valueName\":\"search_term_string\"}}],\"inLanguage\":\"de\"}]}<\/script>\n<!-- \/ Yoast SEO plugin. -->","yoast_head_json":{"title":"Maschinenbau - Electronic Engineering Service","robots":{"index":"index","follow":"follow","max-snippet":"max-snippet:-1","max-image-preview":"max-image-preview:large","max-video-preview":"max-video-preview:-1"},"canonical":"https:\/\/ees.it\/de\/maschinenbau\/","og_locale":"de_DE","og_type":"article","og_title":"Maschinenbau - Electronic Engineering Service","og_url":"https:\/\/ees.it\/de\/maschinenbau\/","og_site_name":"Electronic Engineering Service","article_publisher":"https:\/\/www.facebook.com\/ees.spa.it","twitter_misc":{"Gesch\u00e4tzte Lesezeit":"3\u00a0Minuten"},"schema":{"@context":"https:\/\/schema.org","@graph":[{"@type":"WebPage","@id":"https:\/\/ees.it\/de\/maschinenbau\/","url":"https:\/\/ees.it\/de\/maschinenbau\/","name":"Maschinenbau - Electronic Engineering Service","isPartOf":{"@id":"https:\/\/ees.it\/#website"},"datePublished":"2018-05-30T10:07:41+00:00","breadcrumb":{"@id":"https:\/\/ees.it\/de\/maschinenbau\/#breadcrumb"},"inLanguage":"de","potentialAction":[{"@type":"ReadAction","target":["https:\/\/ees.it\/de\/maschinenbau\/"]}]},{"@type":"BreadcrumbList","@id":"https:\/\/ees.it\/de\/maschinenbau\/#breadcrumb","itemListElement":[{"@type":"ListItem","position":1,"name":"Home","item":"https:\/\/ees.it\/de\/"},{"@type":"ListItem","position":2,"name":"Maschinenbau"}]},{"@type":"WebSite","@id":"https:\/\/ees.it\/#website","url":"https:\/\/ees.it\/","name":"Electronic Engineering Service","description":"Apparecchiature e schede elettroniche","potentialAction":[{"@type":"SearchAction","target":{"@type":"EntryPoint","urlTemplate":"https:\/\/ees.it\/?s={search_term_string}"},"query-input":{"@type":"PropertyValueSpecification","valueRequired":true,"valueName":"search_term_string"}}],"inLanguage":"de"}]}},"_links":{"self":[{"href":"https:\/\/ees.it\/de\/wp-json\/wp\/v2\/pages\/14281","targetHints":{"allow":["GET"]}}],"collection":[{"href":"https:\/\/ees.it\/de\/wp-json\/wp\/v2\/pages"}],"about":[{"href":"https:\/\/ees.it\/de\/wp-json\/wp\/v2\/types\/page"}],"author":[{"embeddable":true,"href":"https:\/\/ees.it\/de\/wp-json\/wp\/v2\/users\/6"}],"replies":[{"embeddable":true,"href":"https:\/\/ees.it\/de\/wp-json\/wp\/v2\/comments?post=14281"}],"version-history":[{"count":2,"href":"https:\/\/ees.it\/de\/wp-json\/wp\/v2\/pages\/14281\/revisions"}],"predecessor-version":[{"id":14283,"href":"https:\/\/ees.it\/de\/wp-json\/wp\/v2\/pages\/14281\/revisions\/14283"}],"wp:attachment":[{"href":"https:\/\/ees.it\/de\/wp-json\/wp\/v2\/media?parent=14281"}],"curies":[{"name":"wp","href":"https:\/\/api.w.org\/{rel}","templated":true}]}}