{"id":14484,"date":"2018-05-30T15:47:18","date_gmt":"2018-05-30T15:47:18","guid":{"rendered":"https:\/\/ees.it\/?page_id=14484"},"modified":"2018-05-30T15:47:18","modified_gmt":"2018-05-30T15:47:18","slug":"materialverwaltung","status":"publish","type":"page","link":"https:\/\/ees.it\/de\/materialverwaltung\/","title":{"rendered":"Materialverwaltung"},"content":{"rendered":"<p><div class=\"fusion-fullwidth fullwidth-box fusion-builder-row-1 nonhundred-percent-fullwidth non-hundred-percent-height-scrolling\" style=\"--awb-background-position:left top;--awb-border-radius-top-left:0px;--awb-border-radius-top-right:0px;--awb-border-radius-bottom-right:0px;--awb-border-radius-bottom-left:0px;--awb-padding-top:1%;--awb-padding-bottom:1%;--awb-margin-top:0px;--awb-margin-bottom:0px;--awb-border-sizes-top:0px;--awb-border-sizes-bottom:0px;--awb-flex-wrap:wrap;\" ><div class=\"fusion-builder-row fusion-row\"><div class=\"fusion-layout-column fusion_builder_column fusion-builder-column-0 fusion_builder_column_1_1 1_1 fusion-one-full fusion-column-first fusion-column-last fusion-column-no-min-height\" style=\"--awb-bg-size:cover;--awb-margin-bottom:0px;\"><div class=\"fusion-column-wrapper fusion-flex-column-wrapper-legacy\"><div class=\"fusion-text fusion-text-1\"><h1 style=\"text-align: center;\">Materialverwaltung<\/h1>\n<\/div><div class=\"fusion-sep-clear\"><\/div><div class=\"fusion-separator\" style=\"margin-left: auto;margin-right: auto;margin-top:-15px;margin-bottom:20px;width:100%;max-width:300px;\"><div class=\"fusion-separator-border sep-single sep-solid\" style=\"--awb-height:20px;--awb-amount:20px;--awb-sep-color:#00b8e0;border-color:#00b8e0;border-top-width:1px;\"><\/div><\/div><div class=\"fusion-sep-clear\"><\/div><div class=\"fusion-text fusion-text-2\"><h3 style=\"text-align: center;\"><strong>Qualit\u00e4t auch bei Lagerung<\/strong><\/h3>\n<\/div><div class=\"fusion-clearfix\"><\/div><\/div><\/div><\/div><\/div><div class=\"fusion-fullwidth fullwidth-box fusion-builder-row-2 nonhundred-percent-fullwidth non-hundred-percent-height-scrolling\" style=\"--awb-background-position:left top;--awb-border-radius-top-left:0px;--awb-border-radius-top-right:0px;--awb-border-radius-bottom-right:0px;--awb-border-radius-bottom-left:0px;--awb-padding-top:0px;--awb-padding-right:0px;--awb-padding-bottom:0px;--awb-padding-left:0px;--awb-border-sizes-top:0px;--awb-border-sizes-bottom:0px;--awb-flex-wrap:wrap;\" ><div class=\"fusion-builder-row fusion-row\"><div class=\"fusion-layout-column fusion_builder_column fusion-builder-column-1 fusion_builder_column_1_1 1_1 fusion-one-full fusion-column-first fusion-column-last fusion-column-no-min-height\" style=\"--awb-bg-size:cover;--awb-margin-bottom:0px;\"><div class=\"fusion-column-wrapper fusion-flex-column-wrapper-legacy\"><div class=\"fusion-text fusion-text-3\"><p>Alle behandelten Materialien sind im MRP-Managementsystem entsprechend einer entsprechenden alphanumerischen internen Codierung eindeutig codiert, die neben der Lagerlogistik eine l\u00fcckenlose R\u00fcckverfolgbarkeit und R\u00fcckverfolgbarkeit des Materials erm\u00f6glicht.<\/p>\n<p>Das f\u00fcr die Lagerung des Materials bestimmte Lager erf\u00fcllt die Temperatur- und Feuchtigkeitsanforderungen, die f\u00fcr die Komponenten erforderlich sind, und garantiert ESD-Schutz.<\/p>\n<p>Auf Wunsch ist es auch m\u00f6glich, ein dediziertes Kundenlager (Komponenten und \/ oder montiert) zu verwalten.<\/p>\n<\/div><div class=\"fusion-clearfix\"><\/div><\/div><\/div><\/div><\/div><\/p>\n","protected":false},"excerpt":{"rendered":"","protected":false},"author":6,"featured_media":0,"parent":0,"menu_order":0,"comment_status":"closed","ping_status":"closed","template":"100-width.php","meta":{"_acf_changed":false,"footnotes":""},"class_list":["post-14484","page","type-page","status-publish","hentry"],"acf":[],"yoast_head":"<!-- This site is optimized with the Yoast SEO plugin v27.3 - https:\/\/yoast.com\/product\/yoast-seo-wordpress\/ -->\n<title>Materialverwaltung - Electronic Engineering Service<\/title>\n<meta name=\"robots\" content=\"index, follow, max-snippet:-1, max-image-preview:large, max-video-preview:-1\" \/>\n<link rel=\"canonical\" href=\"https:\/\/ees.it\/de\/materialverwaltung\/\" \/>\n<meta property=\"og:locale\" content=\"de_DE\" \/>\n<meta property=\"og:type\" content=\"article\" \/>\n<meta property=\"og:title\" content=\"Materialverwaltung - Electronic Engineering Service\" \/>\n<meta property=\"og:url\" content=\"https:\/\/ees.it\/de\/materialverwaltung\/\" \/>\n<meta property=\"og:site_name\" content=\"Electronic Engineering Service\" \/>\n<meta property=\"article:publisher\" content=\"https:\/\/www.facebook.com\/ees.spa.it\" \/>\n<meta name=\"twitter:label1\" content=\"Gesch\u00e4tzte Lesezeit\" \/>\n\t<meta name=\"twitter:data1\" content=\"2\u00a0Minuten\" \/>\n<script type=\"application\/ld+json\" class=\"yoast-schema-graph\">{\"@context\":\"https:\\\/\\\/schema.org\",\"@graph\":[{\"@type\":\"WebPage\",\"@id\":\"https:\\\/\\\/ees.it\\\/de\\\/materialverwaltung\\\/\",\"url\":\"https:\\\/\\\/ees.it\\\/de\\\/materialverwaltung\\\/\",\"name\":\"Materialverwaltung - Electronic Engineering Service\",\"isPartOf\":{\"@id\":\"https:\\\/\\\/ees.it\\\/#website\"},\"datePublished\":\"2018-05-30T15:47:18+00:00\",\"breadcrumb\":{\"@id\":\"https:\\\/\\\/ees.it\\\/de\\\/materialverwaltung\\\/#breadcrumb\"},\"inLanguage\":\"de\",\"potentialAction\":[{\"@type\":\"ReadAction\",\"target\":[\"https:\\\/\\\/ees.it\\\/de\\\/materialverwaltung\\\/\"]}]},{\"@type\":\"BreadcrumbList\",\"@id\":\"https:\\\/\\\/ees.it\\\/de\\\/materialverwaltung\\\/#breadcrumb\",\"itemListElement\":[{\"@type\":\"ListItem\",\"position\":1,\"name\":\"Home\",\"item\":\"https:\\\/\\\/ees.it\\\/de\\\/\"},{\"@type\":\"ListItem\",\"position\":2,\"name\":\"Materialverwaltung\"}]},{\"@type\":\"WebSite\",\"@id\":\"https:\\\/\\\/ees.it\\\/#website\",\"url\":\"https:\\\/\\\/ees.it\\\/\",\"name\":\"Electronic Engineering Service\",\"description\":\"Apparecchiature e schede elettroniche\",\"potentialAction\":[{\"@type\":\"SearchAction\",\"target\":{\"@type\":\"EntryPoint\",\"urlTemplate\":\"https:\\\/\\\/ees.it\\\/?s={search_term_string}\"},\"query-input\":{\"@type\":\"PropertyValueSpecification\",\"valueRequired\":true,\"valueName\":\"search_term_string\"}}],\"inLanguage\":\"de\"}]}<\/script>\n<!-- \/ Yoast SEO plugin. -->","yoast_head_json":{"title":"Materialverwaltung - Electronic Engineering Service","robots":{"index":"index","follow":"follow","max-snippet":"max-snippet:-1","max-image-preview":"max-image-preview:large","max-video-preview":"max-video-preview:-1"},"canonical":"https:\/\/ees.it\/de\/materialverwaltung\/","og_locale":"de_DE","og_type":"article","og_title":"Materialverwaltung - Electronic Engineering Service","og_url":"https:\/\/ees.it\/de\/materialverwaltung\/","og_site_name":"Electronic Engineering Service","article_publisher":"https:\/\/www.facebook.com\/ees.spa.it","twitter_misc":{"Gesch\u00e4tzte Lesezeit":"2\u00a0Minuten"},"schema":{"@context":"https:\/\/schema.org","@graph":[{"@type":"WebPage","@id":"https:\/\/ees.it\/de\/materialverwaltung\/","url":"https:\/\/ees.it\/de\/materialverwaltung\/","name":"Materialverwaltung - Electronic Engineering Service","isPartOf":{"@id":"https:\/\/ees.it\/#website"},"datePublished":"2018-05-30T15:47:18+00:00","breadcrumb":{"@id":"https:\/\/ees.it\/de\/materialverwaltung\/#breadcrumb"},"inLanguage":"de","potentialAction":[{"@type":"ReadAction","target":["https:\/\/ees.it\/de\/materialverwaltung\/"]}]},{"@type":"BreadcrumbList","@id":"https:\/\/ees.it\/de\/materialverwaltung\/#breadcrumb","itemListElement":[{"@type":"ListItem","position":1,"name":"Home","item":"https:\/\/ees.it\/de\/"},{"@type":"ListItem","position":2,"name":"Materialverwaltung"}]},{"@type":"WebSite","@id":"https:\/\/ees.it\/#website","url":"https:\/\/ees.it\/","name":"Electronic Engineering Service","description":"Apparecchiature e schede elettroniche","potentialAction":[{"@type":"SearchAction","target":{"@type":"EntryPoint","urlTemplate":"https:\/\/ees.it\/?s={search_term_string}"},"query-input":{"@type":"PropertyValueSpecification","valueRequired":true,"valueName":"search_term_string"}}],"inLanguage":"de"}]}},"_links":{"self":[{"href":"https:\/\/ees.it\/de\/wp-json\/wp\/v2\/pages\/14484","targetHints":{"allow":["GET"]}}],"collection":[{"href":"https:\/\/ees.it\/de\/wp-json\/wp\/v2\/pages"}],"about":[{"href":"https:\/\/ees.it\/de\/wp-json\/wp\/v2\/types\/page"}],"author":[{"embeddable":true,"href":"https:\/\/ees.it\/de\/wp-json\/wp\/v2\/users\/6"}],"replies":[{"embeddable":true,"href":"https:\/\/ees.it\/de\/wp-json\/wp\/v2\/comments?post=14484"}],"version-history":[{"count":2,"href":"https:\/\/ees.it\/de\/wp-json\/wp\/v2\/pages\/14484\/revisions"}],"predecessor-version":[{"id":14486,"href":"https:\/\/ees.it\/de\/wp-json\/wp\/v2\/pages\/14484\/revisions\/14486"}],"wp:attachment":[{"href":"https:\/\/ees.it\/de\/wp-json\/wp\/v2\/media?parent=14484"}],"curies":[{"name":"wp","href":"https:\/\/api.w.org\/{rel}","templated":true}]}}