{"id":15466,"date":"2021-08-05T13:59:01","date_gmt":"2021-08-05T13:59:01","guid":{"rendered":"https:\/\/ees.it\/condizioni-di-fornitura\/"},"modified":"2021-08-06T09:14:52","modified_gmt":"2021-08-06T09:14:52","slug":"condizioni-di-fornitura","status":"publish","type":"page","link":"https:\/\/ees.it\/de\/condizioni-di-fornitura\/","title":{"rendered":"Condizioni di fornitura"},"content":{"rendered":"<p>CONDIZIONI GENERALI DI FORNITURA<\/p>\n<p>1. AMBITO DI APPLICAZIONE<br \/>\nQualsiasi contratto stipulato tra EES S.p.A (il Fornitore) per la fornitura dei propri prodotti\/servizi (i Prodotti o il Prodotto) ed un acquirente (il Cliente) sar\u00e0 disciplinato, salvo diversamente esplicitamente disposto dalle parti, dalle presenti condizioni generali di fornitura, che si ritengono accettate dal Cliente anche se difformi dalle proprie condizioni generali e\/o particolari d\u2019acquisto, sulle quali prevalgono. L\u2019emissione dell\u2019ordine da parte del Cliente o l\u2019accettazione da parte del Cliente dell\u2019offerta, anche qualora essa avvenga con la semplice esecuzione del contratto mediante comportamento concludente, comporta l\u2019applicazione al contratto delle Condizioni Generali di Fornitura allegate all\u2019offerta. Eventuali condizioni difformi indicate nell\u2019offerta del Fornitore prevarranno rispetto alle condizioni Generali di Fornitura. Le Condizioni Generali di Fornitura potranno essere derogate solo per iscritto dalle parti ed anche in tal caso continueranno ad applicarsi nelle parti non derogate. L\u2019esecuzione degli ordinativi non implica l\u2019accettazione delle condizioni generali e\/o particolari d\u2019acquisto del Cliente; le condizioni del Cliente troveranno applicazione solo se accettate espressamente per iscritto dal Fornitore. Il Fornitore si riserva il diritto di modificare e\/o variare le presenti Condizioni, allegando tali modifiche o variazioni alle offerte o a qualsivoglia corrispondenza scritta inviata al Cliente. Le modifiche si intendono accettate da parte del Cliente in caso di mancata specifica contestazione nei quindici giorni successivi alla ricezione. Qualsiasi comportamento, anche ripetuto, di una delle parti non corrispondente ad una o pi\u00f9 delle presenti condizioni non potr\u00e0 in nessun caso pregiudicare il diritto dell\u2019altra parte di richiedere l\u2019applicazione delle stesse.<\/p>\n<p>2. OFFERTA E CONFERMA D\u2019ORDINE<br \/>\nLe offerte, basate sulle necessit\u00e0 espresse dal Cliente per iscritto nella richiesta d\u2019offerta e oralmente durante incontri con il Fornitore, hanno validit\u00e0 di 45 (quarantacinque) giorni, salvo diverse indicazioni espressamente riportate sull\u2019offerta. Eventuali offerte emesse successivamente annullano e sostituiscono le precedenti versioni relative agli stessi beni e\/o servizi. Gli ordini emessi dal Cliente si intendono vincolanti solo se confermati dal Fornitore tramite la conferma d\u2019ordine. La fornitura viene effettuata esclusivamente con le modalit\u00e0 riportate nella conferma d\u2019ordine; qualsiasi variazione delle caratteristiche dei Prodotti, dei quantitativi, dei prezzi o dei tempi di consegna dovr\u00e0 essere concordata con il Fornitore e da quest\u2019ultimo espressamente accettata per iscritto.<\/p>\n<p>3. PREZZI E CONDIZIONI DI PAGAMENTO<br \/>\nTutti i prezzi indicati nelle offerte si intendono sempre franco magazzino del Fornitore, IVA esclusa. Tutti i prezzi indicati potranno subire variazioni, decorsi i termini di validit\u00e0, in dipendenza da nuovi parametri di mercato.<br \/>\n3.2 Il pagamento deve essere effettuato direttamente al domicilio del Fornitore nella forma e nei termini concordati. Le modalit\u00e0 di fatturazione e di pagamento applicabili sono quelle riportate in offerta o nella conferma d\u2019ordine.<br \/>\n3.3 In caso di ritardato pagamento decorreranno interessi di mora in misura pari a quello legale aumentato di tre punti, con decorrenza dal giorno successivo a quello convenuto per il pagamento. L\u2019inosservanza dei termini e delle condizioni di pagamento esonera il Fornitore da ogni obbligo di consegna, anche relativamente a beni diversi da quelli cui si riferisce detta inosservanza, e gli d\u00e0 facolt\u00e0 di procedere all\u2019incasso anticipato dell\u2019intero credito. Qualora l\u2019inadempimento del Cliente si protragga per oltre quindici giorni dalla data di scadenza, il Fornitore ha diritto, con semplice lettera raccomandata, di risolvere il contratto, salvi gli interessi di cui sopra ed i maggiori danni. 3.4 Eventuali inadempimenti del Fornitore non consentono al Cliente di ritardare o sospendere i pagamenti.<\/p>\n<p>4. TRASPORTI<br \/>\nQuando nella singola offerta\/conferma d\u2019ordine non \u00e8 riportata alcuna specifica indicazione circa le modalit\u00e0 di consegna, le forniture s\u2019intendono \u201cFranco Fabbrica (EXW-Incoterms 2010)\u201d. Il Fornitore non risponde in nessun caso del perimento o del danneggiamento dei Prodotti dopo il passaggio dei rischi ed in nessun caso eventuali danni derivanti dal trasporto liberano il Cliente dall\u2019obbligo di effettuare i pagamenti. La merce trasportata, a qualsiasi titolo, da veicoli del Fornitore non \u00e8 coperta da alcuna polizza assicurativa. In nessun caso il Fornitore corrisponder\u00e0 un indennizzo al Cliente.<\/p>\n<p>5. IMBALLAGGI<br \/>\nI prezzi indicati nei listini si intendono riferiti a merce nuda. I prezzi indicati nelle offerte ed in contratto comprendono gli imballaggi o i mezzi di protezione necessari per evitare danni o deterioramenti dei materiali, in condizioni normali di trasporto e per la destinazione stabilita dal contratto.<\/p>\n<p>6. TERMINI DI CONSEGNA<br \/>\n6.1 I tempi di consegna sono riportati in offerta o nella conferma d\u2019ordine e sono espressi in giorni solari dalla conferma d\u2019ordine.<br \/>\n6.2 I termini di consegna sono indicativi, possono essere prorogati e non impegnano in alcun modo il Fornitore, se non altrimenti espressamente concordato. Nessun indennizzo sar\u00e0 corrisposto per eventuali danni diretti o indiretti dovuti a ritardi di consegna. Eventuali ritardi nella consegna del materiale saranno comunicati entro tre giorni dalla data di prevista consegna e non danno diritto al Cliente di annullare l\u2019ordine. Saranno, inoltre, possibili consegne anticipate e\/o parziali.<br \/>\n6.3 Qualora la consegna fosse ritardata a causa di azioni od omissioni del Cliente, sar\u00e0 stabilita una proroga del termine di consegna, tale da tenere conto ragionevolmente di tutte le circostanze del caso. Nell\u2019eventualit\u00e0 di modifiche dei Prodotti concordate tra le parti successivamente alla data di conclusione del contratto e durante l\u2019effettuazione dell\u2019ordine, modifiche che, peraltro, saranno valide solo se concordate per iscritto, il termine di consegna sar\u00e0 automaticamente prorogato del periodo ragionevolmente necessario per apportare tali modifiche.<br \/>\n6.4 Non vengono accettate penalit\u00e0 per il ritardo nella consegna. Laddove le parti dovessero convenire per iscritto penali per il ritardo del Fornitore, queste potranno essere applicate solo ove si siano verificate le seguenti condizioni: (i) i pagamenti siano stati effettuati regolarmente dal Cliente, (ii) non siano state richieste modifiche sostanziali in corso d\u2019opera dal Cliente; (iii) eventuali specifiche o disegni sottoposti al Cliente abbiano ricevuto conferma per approvazione nel termine di tre giorni.<br \/>\nLe penali non potranno comunque essere applicate qualora i ritardi dipendano da cause di forza maggiore.<br \/>\n6.5 Qualora il Cliente non esegua il ritiro all\u2019avviso di merce pronta, alcun ritardo potr\u00e0 essere imputato al Fornitore ed il Cliente dovr\u00e0 effettuare tutti i pagamenti connessi alla consegna. Il Fornitore provveder\u00e0 al magazzinaggio del materiale a spese, rischio e pericolo del compratore<\/p>\n<p>7. GARANZIA<br \/>\n7.1 La durata del periodo di garanzia \u00e8 di 12 mesi e decorre dalla consegna della merce. I vizi o difetti dovranno essere segnalati entro otto giorni dal rilevamento. La garanzia di buon funzionamento e di conformit\u00e0 riguarda esclusivamente accertati vizi e difetti del Prodotto imputabili al Fornitore e dipendenti dalla lavorazione dallo stesso effettuata. Il Fornitore non avr\u00e0 alcuna responsabilit\u00e0 relativamente a eventuali vizi o difetti riconducibili ad informazioni tecniche errate o incomplete ricevute dal Cliente o ad errori di progettazione di quest\u2019ultimo.<br \/>\n7.2 Durante il periodo di garanzia il Fornitore si impegna a riparare\/sostituire gratuitamente i Prodotti difettosi franco la propria sede, con esclusione del risarcimento di qualsiasi altro danno diretto o indiretto. Tutte le spese di trasporto, imballo, assicurazione, ecc. sono a completo carico del Cliente. La garanzia cessa per Prodotti modificati o manomessi, anche solo in parte da personale non autorizzato dal Fornitore o utilizzati in modo diverso dalle condizioni di impiego previste.<br \/>\nIl Fornitore si impegna, previa specifica richiesta del Cliente, ad inviare i propri tecnici nel luogo ove sia installato il bene da riparare, spese di viaggio, vitto, alloggio dei tecnici interamente rimborsate.<br \/>\n7.3 La segnalazione di eventuali difetti dei Prodotti, ovvero l\u2019effettiva sussistenza dei medesimi, non esime il Cliente dalla corresponsione dei relativi pagamenti alle scadenze pattuite; il ritardo nei pagamenti comporta, in ogni caso, l\u2019immediata decadenza dalla garanzia.<\/p>\n<p>8. RESPONSABILITA\u2019<br \/>\nStipulando il contratto il Cliente dichiara di essere a conoscenza di ogni eventuale limitazione legale o norma di sicurezza relativa all\u2019impiego dei beni ordinati, ivi comprese le eventuali difformit\u00e0 dalle norme CE vigenti. E\u2019 pertanto esclusa ogni responsabilit\u00e0 del Fornitore per la violazione di qualsiasi norma vigente in materia legale, di sicurezza, di compatibilit\u00e0 CE-EMC, d\u2019embarghi, o per qualsiasi danno diretto o indiretto, causato a persone, cose o animali dall\u2019impiego dei beni forniti in difformit\u00e0 dalle norme vigenti in materia. In nessun caso il Fornitore pu\u00f2 essere ritenuto responsabile per il mancato utilizzo, profitto o qualsiasi danno, diretto ed indiretto, causato dall\u2019impiego o dal mancato o errato funzionamento dei beni forniti.<br \/>\n9. RECLAMI<br \/>\nEventuali reclami relativi a prodotti forniti saranno accettati solo se comunicati per iscritto mezzo R.A.R o PEC alla sede legale del Fornitore entro 15 gg. dal ricevimento dei beni ordinati. Nessun reclamo circa la qualit\u00e0 o funzionalit\u00e0 dei prodotti, e\/o inerente la qualit\u00e0 dei servizi forniti, potr\u00e0 essere fatto valere, neppure in via d\u2019eccezione, in sede giudiziaria se non avr\u00e0 avuto luogo il regolare pagamento dei beni e\/o servizi ai quali si riferisce il reclamo. E\u2019 espressamente convenuto che il compratore non potr\u00e0 sollevare alcuna pretesa per infortuni alle persone, o per danni alle cose diverse da quelle che sono oggetto del contratto, o per lucro cessante a meno che non risulti dalle circostanze del caso che il Fornitore sia incorso in colpa grave.<\/p>\n<p>10. RESI<br \/>\nUn prodotto per essere reso, dovr\u00e0 essere munito di un \u201cNumero d\u2019Autorizzazione al Reso\u201d ( Numero di N.A.R.) che sar\u00e0 fornito dal Fornitore a seguito di richiesta scritta di N.A.R., una volta autorizzata tale procedura. Il bene dovr\u00e0 tornare in porto franco e nell\u2019imballo originale integro alla sede operativa che sar\u00e0 comunicata insieme al numero di N.A.R. Nei documenti di spedizione ed accompagnatori dovr\u00e0 essere indicato in numero di N.A.R. e gli estremi della bolla del Fornitore con cui \u00e8 avvenuto l\u2019invio del prodotto al Cliente. La merce resa in imballi non idonei o danneggiati sar\u00e0 respinta.<\/p>\n<p>11. RISOLUZIONE DEL CONTRATTO<br \/>\nIn presenza di violazione o mancata osservanza da parte del Cliente di una o pi\u00f9 delle clausole riportate nelle condizioni generali di fornitura o delle condizioni speciali, il Fornitore si riserva la facolt\u00e0 di sospendere le lavorazioni in corso e\/o le ulteriori forniture. Il contratto potr\u00e0, inoltre, essere risolto ove si verificassero variazioni di qualsiasi genere nella ragione sociale o nella capacit\u00e0 commerciale del Cliente, come in caso di insolvenza, amministrazione controllata, concordato preventivo, fallimento.<\/p>\n<p>12. PROCESSO DI PRODUZIONE<br \/>\nSalvo diversa comunicazione e specifica tecnica del Cliente, il Fornitore utilizza il processo di produzione standard secondo le norme IPC classe 2.<\/p>\n<p>13. COMPONENTISTICA<br \/>\nQualora si verifichino difficolt\u00e0 di reperibilit\u00e0 della componentistica elettronica in relazione ad un determinato lotto di produzione, il Fornitore ne dar\u00e0 pronta comunicazione al Cliente e, su richiesta scritta di quest\u2019ultimo, si adoperer\u00e0 per l\u2019acquisto della citata componentistica da canali di acquisto alternativi alla distribuzione. Il Cliente sar\u00e0 tenuto ad autorizzare per iscritto, anche dal punto di vista tecnico, l\u2019impiego del componente alternativo reperito, assumendo ogni rischio in ordine all\u2019utilizzo dello stesso. A fronte di tale autorizzazione, infatti, al Fornitore non potr\u00e0 essere imputata alcuna responsabilit\u00e0 in ordine ad eventuali malfunzionamenti, incompatibilit\u00e0, difettosit\u00e0 o qualsiasi danno derivante dall\u2019utilizzo del componente proveniente da canali alternativi di acquisto.<\/p>\n<p>14. MODIFICHE E COSTI CORRELATI<br \/>\nEventuali costi, derivanti da giacenze di materiali non utilizzabili per altre lavorazioni o da variazioni di costo della componentistica o delle lavorazioni e correlati a modifiche richieste dal Cliente rispetto alla documentazione consegnata al Fornitore per la formulazione dell\u2019offerta, dovranno essere integralmente sostenuti dal Cliente.<\/p>\n<p>15. ATTREZZATURE<br \/>\nLe attrezzature fornite dal Cliente al Fornitore per l\u2019esecuzione della fornitura resteranno di propriet\u00e0 del Cliente e non potranno essere utilizzate per produzioni diverse. Il Fornitore effettuer\u00e0 le attivit\u00e0 di manutenzione preventiva (a titolo esemplificativo e non esaustivo: pulizia, lubrificazione, operazioni ordinarie di lieve entit\u00e0). Le attivit\u00e0 di manutenzione straordinaria (a titolo esemplificativo e non esaustivo: riparazioni, sostituzioni di componenti rotti\/difettosi, calibrazione annuale) saranno effettuate dal Cliente o, su richiesta del Cliente, da parte del Fornitore a spese del Cliente. In caso di ritardo del Cliente nell\u2019effettuare le attivit\u00e0 di manutenzione straordinaria, il Fornitore non potr\u00e0 essere ritenuto responsabile per eventuali conseguenti ritardi o interruzioni nell\u2019esecuzione della fornitura. Se necessario, il Cliente effettuer\u00e0 la necessaria formazione per l\u2019uso dell\u2019attrezzatura nei confronti del personale del Fornitore. Il Cliente \u00e8 tenuto a fornire attrezzature conformi alle vigenti leggi in materia di sicurezza sul luogo di lavoro, ogni difformit\u00e0 sar\u00e0 prontamente segnalata dal Fornitore al Cliente e dovr\u00e0 essere immediatamente risolta a cura del Cliente.<\/p>\n<p>16. RECESSO<br \/>\nIl Cliente pu\u00f2 recedere da un ordine effettuato comunicando la propria intenzione al Fornitore per fax o per lettera r.a.r. entro 5 (cinque) giorni dall\u2019emissione dell\u2019ordine medesimo. In caso contrario il Cliente sar\u00e0 tenuto a pagare per intero l\u2019importo di quanto ordinato, o gi\u00e0 acquisito, o gi\u00e0 prodotto dal Fornitore.<\/p>\n<p>17. RISERVATEZZA<br \/>\nTutti i dati, le informazioni sia tecniche che commerciali, i disegni, i materiali, i componenti, i campioni, i processi ( complessivamente detti le Informazioni) del Fornitore di cui il Cliente sia venuto in qualsiasi modo a conoscenza o in possesso nello svolgimento del presente rapporto contrattuale e in ogni altro modo, sono da ritenersi strettamente riservate. Il Cliente perci\u00f2, anche in relazione al fatto dei propri dipendenti, ausiliari e collaboratori, dovr\u00e0 trattare tali Informazioni come confidenziali, non divulgarle a terzi e non utilizzarle per fini estranei all\u2019oggetto del contratto tra le parti.<\/p>\n<p>18. DIRITTI DI PROPRIETA\u2019 INTELLETTUALE<br \/>\nI marchi, i brevetti e qualsiasi altro diritto di propriet\u00e0 intellettuale di propriet\u00e0 del Fornitore rester\u00e0 in capo a quest\u2019ultimo.<\/p>\n<p>19. FORO COMPETENTE<br \/>\nPer ogni e qualsiasi controversia derivante da o connessa con i contratti di fornitura dei Prodotti, ovvero con l\u2019interpretazione, l\u2019esecuzione, la validit\u00e0 degli stessi e delle presenti Condizioni Generali, sar\u00e0 attribuita alla competenza esclusiva del Foro di Genova. La legge applicabile sar\u00e0 quella italiana; per tutto quanto non espressamente previsto nelle presenti Condizioni Generali di Fornitura, si fa riferimento al Codice Civile.<\/p>\n","protected":false},"excerpt":{"rendered":"<p>CONDIZIONI GENERALI DI FORNITURA 1. AMBITO DI APPLICAZIONE Qualsiasi contratto stipulato tra EES S.p.A (il Fornitore) per la fornitura dei propri prodotti\/servizi (i Prodotti o il Prodotto) ed un acquirente (il Cliente) sar\u00e0 disciplinato, salvo diversamente esplicitamente disposto dalle parti, dalle presenti condizioni generali di fornitura, che si ritengono accettate dal Cliente anche se difformi  [&#8230;]<\/p>\n","protected":false},"author":14,"featured_media":0,"parent":0,"menu_order":0,"comment_status":"closed","ping_status":"closed","template":"","meta":{"_acf_changed":false,"footnotes":""},"class_list":["post-15466","page","type-page","status-publish","hentry"],"acf":[],"yoast_head":"<!-- This site is optimized with the Yoast SEO plugin v27.4 - https:\/\/yoast.com\/product\/yoast-seo-wordpress\/ -->\n<title>Condizioni di fornitura - Electronic Engineering Service<\/title>\n<meta name=\"robots\" content=\"index, follow, max-snippet:-1, max-image-preview:large, max-video-preview:-1\" \/>\n<link rel=\"canonical\" href=\"https:\/\/ees.it\/de\/condizioni-di-fornitura\/\" \/>\n<meta property=\"og:locale\" content=\"de_DE\" \/>\n<meta property=\"og:type\" content=\"article\" \/>\n<meta property=\"og:title\" content=\"Condizioni di fornitura - Electronic Engineering Service\" \/>\n<meta property=\"og:description\" content=\"CONDIZIONI GENERALI DI FORNITURA 1. AMBITO DI APPLICAZIONE Qualsiasi contratto stipulato tra EES S.p.A (il Fornitore) per la fornitura dei propri prodotti\/servizi (i Prodotti o il Prodotto) ed un acquirente (il Cliente) sar\u00e0 disciplinato, salvo diversamente esplicitamente disposto dalle parti, dalle presenti condizioni generali di fornitura, che si ritengono accettate dal Cliente anche se difformi [...]\" \/>\n<meta property=\"og:url\" content=\"https:\/\/ees.it\/de\/condizioni-di-fornitura\/\" \/>\n<meta property=\"og:site_name\" content=\"Electronic Engineering Service\" \/>\n<meta property=\"article:publisher\" content=\"https:\/\/www.facebook.com\/ees.spa.it\" \/>\n<meta property=\"article:modified_time\" content=\"2021-08-06T09:14:52+00:00\" \/>\n<meta name=\"twitter:label1\" content=\"Gesch\u00e4tzte Lesezeit\" \/>\n\t<meta name=\"twitter:data1\" content=\"11\u00a0Minuten\" \/>\n<script type=\"application\/ld+json\" class=\"yoast-schema-graph\">{\"@context\":\"https:\\\/\\\/schema.org\",\"@graph\":[{\"@type\":\"WebPage\",\"@id\":\"https:\\\/\\\/ees.it\\\/de\\\/condizioni-di-fornitura\\\/\",\"url\":\"https:\\\/\\\/ees.it\\\/de\\\/condizioni-di-fornitura\\\/\",\"name\":\"Condizioni di fornitura - Electronic Engineering Service\",\"isPartOf\":{\"@id\":\"https:\\\/\\\/ees.it\\\/#website\"},\"datePublished\":\"2021-08-05T13:59:01+00:00\",\"dateModified\":\"2021-08-06T09:14:52+00:00\",\"breadcrumb\":{\"@id\":\"https:\\\/\\\/ees.it\\\/de\\\/condizioni-di-fornitura\\\/#breadcrumb\"},\"inLanguage\":\"de\",\"potentialAction\":[{\"@type\":\"ReadAction\",\"target\":[\"https:\\\/\\\/ees.it\\\/de\\\/condizioni-di-fornitura\\\/\"]}]},{\"@type\":\"BreadcrumbList\",\"@id\":\"https:\\\/\\\/ees.it\\\/de\\\/condizioni-di-fornitura\\\/#breadcrumb\",\"itemListElement\":[{\"@type\":\"ListItem\",\"position\":1,\"name\":\"Home\",\"item\":\"https:\\\/\\\/ees.it\\\/de\\\/\"},{\"@type\":\"ListItem\",\"position\":2,\"name\":\"Condizioni di fornitura\"}]},{\"@type\":\"WebSite\",\"@id\":\"https:\\\/\\\/ees.it\\\/#website\",\"url\":\"https:\\\/\\\/ees.it\\\/\",\"name\":\"Electronic Engineering Service\",\"description\":\"Apparecchiature e schede elettroniche\",\"potentialAction\":[{\"@type\":\"SearchAction\",\"target\":{\"@type\":\"EntryPoint\",\"urlTemplate\":\"https:\\\/\\\/ees.it\\\/?s={search_term_string}\"},\"query-input\":{\"@type\":\"PropertyValueSpecification\",\"valueRequired\":true,\"valueName\":\"search_term_string\"}}],\"inLanguage\":\"de\"}]}<\/script>\n<!-- \/ Yoast SEO plugin. -->","yoast_head_json":{"title":"Condizioni di fornitura - Electronic Engineering Service","robots":{"index":"index","follow":"follow","max-snippet":"max-snippet:-1","max-image-preview":"max-image-preview:large","max-video-preview":"max-video-preview:-1"},"canonical":"https:\/\/ees.it\/de\/condizioni-di-fornitura\/","og_locale":"de_DE","og_type":"article","og_title":"Condizioni di fornitura - Electronic Engineering Service","og_description":"CONDIZIONI GENERALI DI FORNITURA 1. AMBITO DI APPLICAZIONE Qualsiasi contratto stipulato tra EES S.p.A (il Fornitore) per la fornitura dei propri prodotti\/servizi (i Prodotti o il Prodotto) ed un acquirente (il Cliente) sar\u00e0 disciplinato, salvo diversamente esplicitamente disposto dalle parti, dalle presenti condizioni generali di fornitura, che si ritengono accettate dal Cliente anche se difformi [...]","og_url":"https:\/\/ees.it\/de\/condizioni-di-fornitura\/","og_site_name":"Electronic Engineering Service","article_publisher":"https:\/\/www.facebook.com\/ees.spa.it","article_modified_time":"2021-08-06T09:14:52+00:00","twitter_misc":{"Gesch\u00e4tzte Lesezeit":"11\u00a0Minuten"},"schema":{"@context":"https:\/\/schema.org","@graph":[{"@type":"WebPage","@id":"https:\/\/ees.it\/de\/condizioni-di-fornitura\/","url":"https:\/\/ees.it\/de\/condizioni-di-fornitura\/","name":"Condizioni di fornitura - Electronic Engineering Service","isPartOf":{"@id":"https:\/\/ees.it\/#website"},"datePublished":"2021-08-05T13:59:01+00:00","dateModified":"2021-08-06T09:14:52+00:00","breadcrumb":{"@id":"https:\/\/ees.it\/de\/condizioni-di-fornitura\/#breadcrumb"},"inLanguage":"de","potentialAction":[{"@type":"ReadAction","target":["https:\/\/ees.it\/de\/condizioni-di-fornitura\/"]}]},{"@type":"BreadcrumbList","@id":"https:\/\/ees.it\/de\/condizioni-di-fornitura\/#breadcrumb","itemListElement":[{"@type":"ListItem","position":1,"name":"Home","item":"https:\/\/ees.it\/de\/"},{"@type":"ListItem","position":2,"name":"Condizioni di fornitura"}]},{"@type":"WebSite","@id":"https:\/\/ees.it\/#website","url":"https:\/\/ees.it\/","name":"Electronic Engineering Service","description":"Apparecchiature e schede elettroniche","potentialAction":[{"@type":"SearchAction","target":{"@type":"EntryPoint","urlTemplate":"https:\/\/ees.it\/?s={search_term_string}"},"query-input":{"@type":"PropertyValueSpecification","valueRequired":true,"valueName":"search_term_string"}}],"inLanguage":"de"}]}},"_links":{"self":[{"href":"https:\/\/ees.it\/de\/wp-json\/wp\/v2\/pages\/15466","targetHints":{"allow":["GET"]}}],"collection":[{"href":"https:\/\/ees.it\/de\/wp-json\/wp\/v2\/pages"}],"about":[{"href":"https:\/\/ees.it\/de\/wp-json\/wp\/v2\/types\/page"}],"author":[{"embeddable":true,"href":"https:\/\/ees.it\/de\/wp-json\/wp\/v2\/users\/14"}],"replies":[{"embeddable":true,"href":"https:\/\/ees.it\/de\/wp-json\/wp\/v2\/comments?post=15466"}],"version-history":[{"count":1,"href":"https:\/\/ees.it\/de\/wp-json\/wp\/v2\/pages\/15466\/revisions"}],"predecessor-version":[{"id":15468,"href":"https:\/\/ees.it\/de\/wp-json\/wp\/v2\/pages\/15466\/revisions\/15468"}],"wp:attachment":[{"href":"https:\/\/ees.it\/de\/wp-json\/wp\/v2\/media?parent=15466"}],"curies":[{"name":"wp","href":"https:\/\/api.w.org\/{rel}","templated":true}]}}