{"id":11526,"date":"2015-07-16T09:02:07","date_gmt":"2015-07-16T09:02:07","guid":{"rendered":"http:\/\/www.ees.it\/?page_id=11526&#038;lang=en"},"modified":"2017-03-12T16:19:55","modified_gmt":"2017-03-12T16:19:55","slug":"direttiva-rohs-200295ce","status":"publish","type":"page","link":"https:\/\/ees.it\/en\/direttiva-rohs-200295ce\/","title":{"rendered":"Direttiva RoHS 2002\/95\/CE"},"content":{"rendered":"<div><\/div>\n<p>Da<br \/>\nWikipedia, l&#8217;enciclopedia libera.<\/p>\n<p>La\u00a0<strong>Direttiva\u00a0RoHS<\/strong><\/p>\n<p>\u00e8 la normativa\u00a02002\/95\/CE (chiamata comunemente RoHS dall&#8217;inglese:\u00a0<em>Restriction of Hazardous Substances<br \/>\nDirective<\/em>) adottata nel febbraio del\u00a02003\u00a0dalla\u00a0Comunit\u00e0 europea. In realt\u00e0, in questa<br \/>\ndata la normativa \u00e8 stata estesa a livello comunitario, negli anni precedenti<br \/>\nogni stato dell&#8217;unione aveva una legge separata. La prima nazione a introdurre<br \/>\nuna norma simile \u00e8 stata la\u00a0Germania\u00a0nel marzo del\u00a01995\u00a0seguita<br \/>\ndall&#8217;Inghilterra\u00a0nel\u00a01996. In\u00a0Italia\u00a0bisogna aspettare il\u00a01998\u00a0per<br \/>\nintrodurre una normativa di questo tipo, la cosi chiamata &#8220;legge sulla<br \/>\nrottamazione&#8221;. Dal\u00a01\u00ba<br \/>\nfebbraio\u00a02003\u00a0tutte le vecchie normative di ogni<br \/>\nstato membro sono state sostituite dall&#8217;attuale &#8220;direttiva RoHS&#8221;. La<br \/>\nnormativa impone restrizioni sull&#8217;uso di determinate sostanze pericolose nella<br \/>\ncostruzione di vari tipi di apparecchiature\u00a0elettriche\u00a0ed\u00a0elettroniche.<\/p>\n<p>\u00c8 collegata strettamente con la direttiva<br \/>\nsulla\u00a0rottamazione di<br \/>\napparecchiature elettriche ed elettroniche\u00a0(detta\u00a0RAEE) 2002\/96\/CE che regola<br \/>\nl&#8217;accumulazione, riciclaggio e recupero per le apparecchiature elettriche e fa<br \/>\nparte di un&#8217;iniziativa di legge per risolvere il problema dell&#8217;enorme<br \/>\nquantitativo di rifiuti generati dalle apparecchiature elettroniche obsolete.<\/p>\n<p>\u00c8 diventata obbligatoria dal\u00a01\u00ba luglio\u00a02006; non \u00e8 una legge ma una\u00a0direttiva. Ogni stato membro europeo<\/p>\n<p>deve &#8220;recepire&#8221; la direttiva, cio\u00e8 adottare proprie politiche di<br \/>\napplicazione, usando la direttiva come guida. Di conseguenza, ci potrebbero<br \/>\nessere versioni differenti della legge quanti sono gli stati della CE.<\/p>\n<p>La RoHS si applica ai prodotti costruiti o importati nell&#8217;Unione europea.<\/p>\n<p>&nbsp;<\/p>\n<p><strong>\u00a0Chiarimenti<\/strong><\/p>\n<p>Con il passare degli anni si \u00e8 cominciato a<br \/>\nconfondere le varie direttive europee sull&#8217;inquinamento elettronico che<br \/>\nsostanzialmente rimangono due:<\/p>\n<ul>\n<li>RoHS, la normativa in questione<\/li>\n<li>RAEE\u00a0che<br \/>\nin italiano sta per &#8220;rifiuti di apparecchiature elettriche ed<br \/>\nelettroniche&#8221; o anche diffusa con il nome inglese\u00a0WEEE\u00a0&#8220;Waste<br \/>\nof electric and electronic equipment &#8220;. Su molte apparecchiature infatti<br \/>\nsi possono trovare i marchi RAEE o WEEE che indicano per\u00f2 la stessa normativa.<\/li>\n<\/ul>\n<div>\n<h2>Sostanze interessate<\/h2>\n<\/div>\n<p>La RoHS \u00e8 spesso chiamata direttiva\u00a0<em>Pb-free<\/em>\u00a0o\u00a0<em>Lead-free<\/em>\u00a0(cio\u00e8 &#8220;esente da piombo&#8221;) ma<br \/>\npone dei vincoli sull&#8217;uso delle seguenti sei sostanze:<\/p>\n<ol>\n<li>Piombo<\/li>\n<li>Mercurio<\/li>\n<li>Cadmio<\/li>\n<li>Cromo esavalente\u00a0(Cromo VI)<\/li>\n<li>Bifenili polibromurati\u00a0(PBB)<\/li>\n<li>Etere di difenile polibromurato\u00a0(PBDE).<\/li>\n<\/ol>\n<p>Il piombo \u00e8 usato nella\u00a0saldatura\u00a0dei componenti sui\u00a0circuiti stampati\u00a0(le leghe comunemente usate contengono<br \/>\n40% piombo \/ 60%\u00a0stagno).<\/p>\n<p>Il mercurio viene utilizzato in particolari\u00a0termostati\u00a0e lampade a scarica di mercurio.<\/p>\n<p>Il cadmio si utilizza nelle\u00a0batterie ricaricabili, come protezione<br \/>\nalla\u00a0corrosione\u00a0ed usura di componenti metallici e in<br \/>\nalcuni casi come\u00a0pigmento\u00a0o stabilizzante in vernici.<\/p>\n<p>Il\u00a0cromo<br \/>\nesavalente\u00a0viene usato in<br \/>\ntrattamenti di\u00a0cromatura\u00a0e nella passivazione della\u00a0zincatura\u00a0elettrolitica, su componenti ferrosi e<br \/>\nnon ferrosi, per evitare la corrosione e l\u2019usura delle superfici. Da ricordare<br \/>\nche il cromo esavalente \u00e8 un\u00a0agente<br \/>\ncancerogeno.<\/p>\n<p>I bifenili polibromurati (PBB) ed eteri di<br \/>\ndifenile polibromurati (PBDE) sono aggiunti ai\u00a0polimeri\u00a0plastici per ottenere propriet\u00e0\u00a0ignifughe.<\/p>\n<div>\n<h2>Dettagli ed esempi<\/h2>\n<\/div>\n<p>Le concentrazioni massime sono 0,1% (tranne<br \/>\nil cadmio che \u00e8 limitato a 0,01%) del peso di materiale omogeneo. Ci\u00f2 significa<br \/>\nche i limiti non si applicano al peso del prodotto finito, o persino ad un<br \/>\ncomponente, ma a tutta la singola sostanza che potrebbe (teoricamente) essere<br \/>\nseparata meccanicamente. Per esempio la guaina isolante di un cavo elettrico<br \/>\nche compone l\u2019apparecchio elettronico.<\/p>\n<p>Altro esempio, una\u00a0radio\u00a0\u00e8 composta da un contenitore, viti,<br \/>\nrondelle, schede elettroniche, altoparlanti, ecc. Una scheda elettronica \u00e8<br \/>\ncomposta dal circuito stampato, circuiti integrati, resistori, interruttori,<br \/>\necc. Un interruttore ha un suo contenitore, una levetta, una molla, i contatti,<br \/>\ni perni di collegamento ecc. Il contatto conterr\u00e0 una striscia di rame con un<br \/>\nrivestimento superficiale.<\/p>\n<p>Tutto quello che pu\u00f2 essere identificato<br \/>\ncome materiale differente deve rispettare il limite imposto. Cos\u00ec, se risulta<br \/>\nche il rivestimento del contatto dell&#8217;interruttore era\u00a0oro\u00a0con<br \/>\nil cadmio di 2300\u00a0ppm, allora<br \/>\nl&#8217;intera radio non rispetterebbe i requisiti della direttiva.<\/p>\n<div>\n<h2>Apparecchi soggetti alla direttiva<\/h2>\n<\/div>\n<p>La Direttiva si applica alle<br \/>\napparecchiature come definite nella relativa sezione della direttiva WEEE. Il<br \/>\nlegislatore\u00a0italiano\u00a0recependo le direttive CE,<br \/>\n2002\/95\/CE,2002\/96\/CE, 2003\/108\/CE relative alla riduzione dell&#8217;uso di sostanze<br \/>\npericolose nelle apparecchiature elettriche ed elettroniche, nonch\u00e9 allo<br \/>\nsmaltimento di rifiuti, ha emanato il\u00a0Decreto<br \/>\nlegislativo\u00a0n. 151 del 25 luglio\u00a02005\u00a0(G.U.<br \/>\n175 del 29\/05\/05 Supp.Ord. 135)<\/p>\n<p>Queste sono:<\/p>\n<ul>\n<li>Grandi elettrodomestici<\/li>\n<li>Piccoli elettrodomestici<\/li>\n<li>Apparecchi informatici e di telecomunicazione<\/li>\n<li>Apparecchiature di consumo<\/li>\n<li>Apparati per illuminazione (comprese le<br \/>\nlampadine)<\/li>\n<li>Attrezzi elettronici ed elettrici<\/li>\n<li>Giocattoli, attrezzature per svago e sport<\/li>\n<li>Distributori automatici<\/li>\n<li>Le\u00a0batterie\u00a0non sono incluse all&#8217;interno della<br \/>\nportata di RoHS, quindi le\u00a0batterie<br \/>\nal piombo\u00a0e al\u00a0NiCd\u00a0sono<br \/>\nconsentite (anche se queste ultime sono state sostituite da\u00a0batterie NiMH\u00a0Nichel-Metallo Idruro).<\/li>\n<li>Impianti e attrezzature industriali fissi.<\/li>\n<li>Piombo\n<ul>\n<li>Componenti ceramici<\/li>\n<li>Alcune specifiche leghe<\/li>\n<li>Vetro usato nei tubi a raggi catodici (CRT), in<br \/>\nalcuni componenti elettronici e tubi per lampade fluorescenti<\/li>\n<\/ul>\n<\/li>\n<li>Mercurio\n<ul>\n<li>Determinati tipi di\u00a0lampade<\/li>\n<\/ul>\n<\/li>\n<li>Applicazioni nel settore Automotive<\/li>\n<\/ul>\n<div>\n<h2>Esenzioni dalla direttiva<\/h2>\n<\/div>\n<div>\n<h2>RoHS nei paesi extraeuropei<\/h2>\n<\/div>\n<p>La tendenza ad avere un unico mercato<br \/>\nmondiale spinge i singoli Paesi a unificare le normative per facilitare il<br \/>\nlibero commercio.<\/p>\n<h3>Cina<\/h3>\n<p>Anche la\u00a0Cina\u00a0ha sviluppato una legislazione (citata<br \/>\nspesso come &#8220;Cina RoHS&#8221;) che ha limitazioni simili. Tuttavia, la<br \/>\nlegislazione cinese \u00e8 molto vaga circa l\u2019applicazione e la responsabilit\u00e0 per<br \/>\nil rispetto della normativa. Vi sono anche dubbi sulla data di inizio<br \/>\ndell\u2019applicazione ma si ritiene sia la stessa della normativa europea.<\/p>\n<h3>Giappone<\/h3>\n<p>Il\u00a0Giappone\u00a0non ha una normativa equivalente alla<br \/>\nRoHS ma vi \u00e8 una sollecitazione verso i costruttori giapponesi ad indirizzarsi<br \/>\nverso processi di lavorazioni esenti da piombo.<\/p>\n<h3>California<\/h3>\n<p>La\u00a0California\u00a0ha adottato una legislazione simile<br \/>\nche \u00e8 entrata in vigore il 1\u00ba gennaio\u00a02007.<br \/>\nLa legge della California utilizza la direttiva RoHS dell&#8217;Unione europea come<br \/>\nlinea guida.<\/p>\n<div>\n<h2>Aspetti critici<\/h2>\n<\/div>\n<p>L\u2019abolizione del piombo nelle saldature in<br \/>\ncampo elettronico richiede investimenti costosi nelle\u00a0catene di montaggio\u00a0(oltre alle perdite delle scorte di<br \/>\nmagazzino che non rispettano la normativa RoHS) e per i produttori di<br \/>\ncomponenti elettrici ed elettronici che devono rivedere le procedure per<br \/>\nutilizzare materiali alternativi e le procedure di collaudo.<\/p>\n<p>Il maggiore stress in fase di saldatura (la<br \/>\ntemperatura di saldatura deve essere pi\u00f9 alta) pu\u00f2 determinare una minore\u00a0affidabilit\u00e0\u00a0dei componenti elettronici.<\/p>\n<p>Alcuni paesi quindi tendono ad esentare,<br \/>\nper ora, i prodotti elettromedicali e di telecomunicazione dalla legislazione.<\/p>\n<div>\n<h2>Bibliografia<\/h2>\n<\/div>\n<ul>\n<li>Paolo Pipere, &#8220;Le Apparecchiature<br \/>\nElettriche ed Elettroniche, le Pile e gli Accumulatori&#8221;, Edizioni Hyper,<br \/>\n2009.\u00a0ISBN 978-88-7577-099-0<\/li>\n<li>Jennie<br \/>\nS. Hwang,\u00a0<em>Introduction to<br \/>\nImplementing Lead-Free Electronics<\/em>. McGraw-Hill Professional, 2004.\u00a0ISBN 0-07-144374-6.<\/li>\n<\/ul>\n<p><a href=\"..\/..\/allegati%20in%20PDF\/direttiva%20Rohs.pdf\">Il testo della direttiva<br \/>\nRoHS su Eurolex (PDF)<\/a><\/p>\n","protected":false},"excerpt":{"rendered":"<p>Da Wikipedia, l&#8217;enciclopedia libera. La\u00a0Direttiva\u00a0RoHS \u00e8 la normativa\u00a02002\/95\/CE (chiamata comunemente RoHS dall&#8217;inglese:\u00a0Restriction of Hazardous Substances Directive) adottata nel febbraio del\u00a02003\u00a0dalla\u00a0Comunit\u00e0 europea. In realt\u00e0, in questa data la normativa \u00e8 stata estesa a livello comunitario, negli anni precedenti ogni stato dell&#8217;unione aveva una legge separata. La prima nazione a introdurre una norma simile \u00e8 stata la\u00a0Germania\u00a0nel  [&#8230;]<\/p>\n","protected":false},"author":6,"featured_media":0,"parent":0,"menu_order":0,"comment_status":"closed","ping_status":"closed","template":"","meta":{"_acf_changed":false,"footnotes":""},"class_list":["post-11526","page","type-page","status-publish","hentry"],"acf":[],"yoast_head":"<!-- This site is optimized with the Yoast SEO plugin v27.3 - https:\/\/yoast.com\/product\/yoast-seo-wordpress\/ -->\n<title>Direttiva RoHS 2002\/95\/CE - Electronic Engineering Service<\/title>\n<meta name=\"robots\" content=\"index, follow, max-snippet:-1, max-image-preview:large, max-video-preview:-1\" \/>\n<link rel=\"canonical\" href=\"https:\/\/ees.it\/en\/direttiva-rohs-200295ce\/\" \/>\n<meta property=\"og:locale\" content=\"en_US\" \/>\n<meta property=\"og:type\" content=\"article\" \/>\n<meta property=\"og:title\" content=\"Direttiva RoHS 2002\/95\/CE - Electronic Engineering Service\" \/>\n<meta property=\"og:description\" content=\"Da Wikipedia, l&#8217;enciclopedia libera. La\u00a0Direttiva\u00a0RoHS \u00e8 la normativa\u00a02002\/95\/CE (chiamata comunemente RoHS dall&#8217;inglese:\u00a0Restriction of Hazardous Substances Directive) adottata nel febbraio del\u00a02003\u00a0dalla\u00a0Comunit\u00e0 europea. In realt\u00e0, in questa data la normativa \u00e8 stata estesa a livello comunitario, negli anni precedenti ogni stato dell&#8217;unione aveva una legge separata. La prima nazione a introdurre una norma simile \u00e8 stata la\u00a0Germania\u00a0nel [...]\" \/>\n<meta property=\"og:url\" content=\"https:\/\/ees.it\/en\/direttiva-rohs-200295ce\/\" \/>\n<meta property=\"og:site_name\" content=\"Electronic Engineering Service\" \/>\n<meta property=\"article:publisher\" content=\"https:\/\/www.facebook.com\/ees.spa.it\" \/>\n<meta property=\"article:modified_time\" content=\"2017-03-12T16:19:55+00:00\" \/>\n<meta name=\"twitter:label1\" content=\"Est. reading time\" \/>\n\t<meta name=\"twitter:data1\" content=\"5 minutes\" \/>\n<script type=\"application\/ld+json\" class=\"yoast-schema-graph\">{\"@context\":\"https:\\\/\\\/schema.org\",\"@graph\":[{\"@type\":\"WebPage\",\"@id\":\"https:\\\/\\\/ees.it\\\/en\\\/direttiva-rohs-200295ce\\\/\",\"url\":\"https:\\\/\\\/ees.it\\\/en\\\/direttiva-rohs-200295ce\\\/\",\"name\":\"Direttiva RoHS 2002\\\/95\\\/CE - Electronic Engineering Service\",\"isPartOf\":{\"@id\":\"https:\\\/\\\/ees.it\\\/#website\"},\"datePublished\":\"2015-07-16T09:02:07+00:00\",\"dateModified\":\"2017-03-12T16:19:55+00:00\",\"breadcrumb\":{\"@id\":\"https:\\\/\\\/ees.it\\\/en\\\/direttiva-rohs-200295ce\\\/#breadcrumb\"},\"inLanguage\":\"en-US\",\"potentialAction\":[{\"@type\":\"ReadAction\",\"target\":[\"https:\\\/\\\/ees.it\\\/en\\\/direttiva-rohs-200295ce\\\/\"]}]},{\"@type\":\"BreadcrumbList\",\"@id\":\"https:\\\/\\\/ees.it\\\/en\\\/direttiva-rohs-200295ce\\\/#breadcrumb\",\"itemListElement\":[{\"@type\":\"ListItem\",\"position\":1,\"name\":\"Home\",\"item\":\"https:\\\/\\\/ees.it\\\/en\\\/\"},{\"@type\":\"ListItem\",\"position\":2,\"name\":\"Direttiva RoHS 2002\\\/95\\\/CE\"}]},{\"@type\":\"WebSite\",\"@id\":\"https:\\\/\\\/ees.it\\\/#website\",\"url\":\"https:\\\/\\\/ees.it\\\/\",\"name\":\"Electronic Engineering Service\",\"description\":\"Apparecchiature e schede elettroniche\",\"potentialAction\":[{\"@type\":\"SearchAction\",\"target\":{\"@type\":\"EntryPoint\",\"urlTemplate\":\"https:\\\/\\\/ees.it\\\/?s={search_term_string}\"},\"query-input\":{\"@type\":\"PropertyValueSpecification\",\"valueRequired\":true,\"valueName\":\"search_term_string\"}}],\"inLanguage\":\"en-US\"}]}<\/script>\n<!-- \/ Yoast SEO plugin. -->","yoast_head_json":{"title":"Direttiva RoHS 2002\/95\/CE - Electronic Engineering Service","robots":{"index":"index","follow":"follow","max-snippet":"max-snippet:-1","max-image-preview":"max-image-preview:large","max-video-preview":"max-video-preview:-1"},"canonical":"https:\/\/ees.it\/en\/direttiva-rohs-200295ce\/","og_locale":"en_US","og_type":"article","og_title":"Direttiva RoHS 2002\/95\/CE - Electronic Engineering Service","og_description":"Da Wikipedia, l&#8217;enciclopedia libera. La\u00a0Direttiva\u00a0RoHS \u00e8 la normativa\u00a02002\/95\/CE (chiamata comunemente RoHS dall&#8217;inglese:\u00a0Restriction of Hazardous Substances Directive) adottata nel febbraio del\u00a02003\u00a0dalla\u00a0Comunit\u00e0 europea. In realt\u00e0, in questa data la normativa \u00e8 stata estesa a livello comunitario, negli anni precedenti ogni stato dell&#8217;unione aveva una legge separata. La prima nazione a introdurre una norma simile \u00e8 stata la\u00a0Germania\u00a0nel [...]","og_url":"https:\/\/ees.it\/en\/direttiva-rohs-200295ce\/","og_site_name":"Electronic Engineering Service","article_publisher":"https:\/\/www.facebook.com\/ees.spa.it","article_modified_time":"2017-03-12T16:19:55+00:00","twitter_misc":{"Est. reading time":"5 minutes"},"schema":{"@context":"https:\/\/schema.org","@graph":[{"@type":"WebPage","@id":"https:\/\/ees.it\/en\/direttiva-rohs-200295ce\/","url":"https:\/\/ees.it\/en\/direttiva-rohs-200295ce\/","name":"Direttiva RoHS 2002\/95\/CE - Electronic Engineering Service","isPartOf":{"@id":"https:\/\/ees.it\/#website"},"datePublished":"2015-07-16T09:02:07+00:00","dateModified":"2017-03-12T16:19:55+00:00","breadcrumb":{"@id":"https:\/\/ees.it\/en\/direttiva-rohs-200295ce\/#breadcrumb"},"inLanguage":"en-US","potentialAction":[{"@type":"ReadAction","target":["https:\/\/ees.it\/en\/direttiva-rohs-200295ce\/"]}]},{"@type":"BreadcrumbList","@id":"https:\/\/ees.it\/en\/direttiva-rohs-200295ce\/#breadcrumb","itemListElement":[{"@type":"ListItem","position":1,"name":"Home","item":"https:\/\/ees.it\/en\/"},{"@type":"ListItem","position":2,"name":"Direttiva RoHS 2002\/95\/CE"}]},{"@type":"WebSite","@id":"https:\/\/ees.it\/#website","url":"https:\/\/ees.it\/","name":"Electronic Engineering Service","description":"Apparecchiature e schede elettroniche","potentialAction":[{"@type":"SearchAction","target":{"@type":"EntryPoint","urlTemplate":"https:\/\/ees.it\/?s={search_term_string}"},"query-input":{"@type":"PropertyValueSpecification","valueRequired":true,"valueName":"search_term_string"}}],"inLanguage":"en-US"}]}},"_links":{"self":[{"href":"https:\/\/ees.it\/en\/wp-json\/wp\/v2\/pages\/11526","targetHints":{"allow":["GET"]}}],"collection":[{"href":"https:\/\/ees.it\/en\/wp-json\/wp\/v2\/pages"}],"about":[{"href":"https:\/\/ees.it\/en\/wp-json\/wp\/v2\/types\/page"}],"author":[{"embeddable":true,"href":"https:\/\/ees.it\/en\/wp-json\/wp\/v2\/users\/6"}],"replies":[{"embeddable":true,"href":"https:\/\/ees.it\/en\/wp-json\/wp\/v2\/comments?post=11526"}],"version-history":[{"count":1,"href":"https:\/\/ees.it\/en\/wp-json\/wp\/v2\/pages\/11526\/revisions"}],"predecessor-version":[{"id":11569,"href":"https:\/\/ees.it\/en\/wp-json\/wp\/v2\/pages\/11526\/revisions\/11569"}],"wp:attachment":[{"href":"https:\/\/ees.it\/en\/wp-json\/wp\/v2\/media?parent=11526"}],"curies":[{"name":"wp","href":"https:\/\/api.w.org\/{rel}","templated":true}]}}